{"id":876,"date":"2022-02-24T18:35:30","date_gmt":"2022-02-24T18:35:30","guid":{"rendered":"https:\/\/tr.blueshippinggroup.com\/?page_id=876"},"modified":"2022-02-24T18:35:30","modified_gmt":"2022-02-24T18:35:30","slug":"4pl-logistics-solutions","status":"publish","type":"page","link":"https:\/\/blueshippinggroup.com\/tr\/services\/4pl-logistics-solutions\/","title":{"rendered":"4PL Lojistik \u00c7\u00f6z\u00fcmleri"},"content":{"rendered":"<section class=\"l-section wpb_row us_custom_e43e0d68 height_medium with_img\"><div class=\"l-section-img\" style=\"background-image: url(https:\/\/blueshippinggroup.com\/tr\/wp-content\/uploads\/sites\/3\/2022\/02\/4pl-bakground.jpg);\" data-img-width=\"1920\" data-img-height=\"1097\"><\/div><div class=\"l-section-overlay\" style=\"background:rgba(26,26,26,0.60)\"><\/div><div class=\"l-section-h i-cf\"><div class=\"g-cols vc_row via_grid cols_1 laptops-cols_inherit tablets-cols_inherit mobiles-cols_1 valign_top type_default\"><div class=\"wpb_column vc_column_container\"><div class=\"vc_column-inner\"><div class=\"w-hwrapper align_center valign_middle\"><h2 class=\"w-text us_custom_43d52c0d has_text_color\"><span class=\"w-text-h\"><span class=\"w-text-value\"> 4PL Lojistik \u00c7\u00f6z\u00fcmleri<\/span><\/span><\/h2><\/div><\/div><\/div><\/div><\/div><\/section><section class=\"l-section wpb_row height_auto\" id=\"content\"><div class=\"l-section-h i-cf\"><div class=\"g-cols vc_row via_grid cols_1 laptops-cols_inherit tablets-cols_inherit mobiles-cols_1 valign_top type_default\"><div class=\"wpb_column vc_column_container\"><div class=\"vc_column-inner\"><div class=\"w-separator size_medium\"><\/div><div class=\"wpb_text_column\"><div class=\"wpb_wrapper\"><p style=\"text-align: center\"><strong>\u201cTedarik zincirinizi y\u00f6netmek i\u00e7in tek kontrol noktas\u0131\u201d\u2026<\/strong><\/p>\n<p>&nbsp;<\/p>\n<p>Karma\u015f\u0131k tedarik zincirleri kapsaml\u0131 \u00e7\u00f6z\u00fcmler gerektirir.<\/p>\n<p>Kurulu\u015funuz geni\u015flemeyi d\u00fc\u015f\u00fcn\u00fcyor, basitle\u015ftirme ar\u0131yor veya a\u011f\u0131n\u0131z ve giderleriniz \u00fczerinde daha s\u0131k\u0131 kontrol istiyorsa, <strong>Blue Shipping Turkey Lojistik<\/strong> size yard\u0131mc\u0131 olacak bir yap\u0131ya sahiptir. Etkili tedarik\u00e7i kapsam\u0131 belirleme, se\u00e7im ve fiyat g\u00f6r\u00fc\u015fmeleri yoluyla stratejik ortakl\u0131klar sa\u011fl\u0131yoruz. Ekibimiz, hizmet d\u00fczeylerinden asla taviz verilmemesi gerekti\u011finin ve s\u00fcrekli s\u00f6zle\u015fme y\u00f6netimi ile KPI \u00f6l\u00e7\u00fcmlerinin, tedarik\u00e7ilerinizin s\u00fcrekli kalite sunmas\u0131n\u0131 sa\u011flaman\u0131n en \u00f6nemli kriterler oldu\u011funun fark\u0131ndad\u0131r.<\/p>\n<\/div><\/div><div class=\"w-separator size_small\"><\/div><div class=\"w-image align_center\"><div class=\"w-image-h\"><img width=\"855\" height=\"443\" src=\"https:\/\/blueshippinggroup.com\/tr\/wp-content\/uploads\/sites\/3\/2022\/02\/33.jpg\" class=\"attachment-full size-full\" alt=\"\" decoding=\"async\" loading=\"lazy\" srcset=\"https:\/\/blueshippinggroup.com\/tr\/wp-content\/uploads\/sites\/3\/2022\/02\/33.jpg 855w, https:\/\/blueshippinggroup.com\/tr\/wp-content\/uploads\/sites\/3\/2022\/02\/33-300x155.jpg 300w, https:\/\/blueshippinggroup.com\/tr\/wp-content\/uploads\/sites\/3\/2022\/02\/33-768x398.jpg 768w\" sizes=\"(max-width: 855px) 100vw, 855px\" \/><\/div><\/div><div class=\"w-separator size_small\"><\/div><div class=\"wpb_text_column\"><div class=\"wpb_wrapper\"><p style=\"text-align: center\">Etkili tedarik zinciri y\u00f6netiminin i\u00e7erdi\u011fi karma\u015f\u0131kl\u0131\u011f\u0131 anl\u0131yoruz. Varl\u0131\u011fa dayal\u0131 olmayan bir sa\u011flay\u0131c\u0131 olarak, geni\u015f tedarik zincirlerini y\u00f6netmek i\u00e7in lojistik sekt\u00f6r\u00fc deneyimimizden, benzersiz tedarik zinciri yaz\u0131l\u0131m\u0131m\u0131zdan, dinamik teknolojimizden ve ba\u011flant\u0131l\u0131 bir k\u00fcresel a\u011fdan yararlanmak i\u00e7in benzersiz bir konumday\u0131z. Kontrol, tutarl\u0131l\u0131k ve maliyeti koruman\u0131n 4PL sa\u011flay\u0131c\u0131n\u0131z\u0131n temel ihtiya\u00e7lar\u0131 oldu\u011funu biliyoruz ve bunlar\u0131 nas\u0131l kar\u015f\u0131layaca\u011f\u0131m\u0131z\u0131 biliyoruz.<\/p>\n<\/div><\/div><div class=\"w-separator size_small\"><\/div><div class=\"w-image align_center\"><div class=\"w-image-h\"><img width=\"852\" height=\"476\" src=\"https:\/\/blueshippinggroup.com\/tr\/wp-content\/uploads\/sites\/3\/2022\/02\/11.jpg\" class=\"attachment-full size-full\" alt=\"\" decoding=\"async\" loading=\"lazy\" srcset=\"https:\/\/blueshippinggroup.com\/tr\/wp-content\/uploads\/sites\/3\/2022\/02\/11.jpg 852w, https:\/\/blueshippinggroup.com\/tr\/wp-content\/uploads\/sites\/3\/2022\/02\/11-300x168.jpg 300w, https:\/\/blueshippinggroup.com\/tr\/wp-content\/uploads\/sites\/3\/2022\/02\/11-768x429.jpg 768w\" sizes=\"(max-width: 852px) 100vw, 852px\" \/><\/div><\/div><div class=\"w-separator size_small\"><\/div><div class=\"wpb_text_column\"><div class=\"wpb_wrapper\"><p><strong>Ba\u015fl\u0131ca\u00a0 Hizmetler<\/strong><\/p>\n<p><strong>A\u011f\u0131n\u0131z\u0131n tamam\u0131nda kontrol ve optimizasyon sa\u011fl\u0131yoruz.<\/strong><\/p>\n<p>Tedarik Zinciri Stratejisi Tasar\u0131m\u0131<\/p>\n<p>3PL Y\u00f6netim ve Entegrasyon<\/p>\n<p>Nakliye Y\u00f6netimi ve Y\u00fcr\u00fctme<\/p>\n<p>PO Y\u00f6netimi<\/p>\n<p>Kontrol Kulesi Uygulamas\u0131<\/p>\n<p>Teknoloji \u00c7\u00f6z\u00fcmleri ve Entegrasyon<\/p>\n<\/div><\/div><div class=\"w-separator size_small\"><\/div><div class=\"w-image align_center\"><div class=\"w-image-h\"><img width=\"809\" height=\"416\" src=\"https:\/\/blueshippinggroup.com\/tr\/wp-content\/uploads\/sites\/3\/2022\/02\/22.jpg\" class=\"attachment-full size-full\" alt=\"\" decoding=\"async\" loading=\"lazy\" srcset=\"https:\/\/blueshippinggroup.com\/tr\/wp-content\/uploads\/sites\/3\/2022\/02\/22.jpg 809w, https:\/\/blueshippinggroup.com\/tr\/wp-content\/uploads\/sites\/3\/2022\/02\/22-300x154.jpg 300w, https:\/\/blueshippinggroup.com\/tr\/wp-content\/uploads\/sites\/3\/2022\/02\/22-768x395.jpg 768w\" sizes=\"(max-width: 809px) 100vw, 809px\" \/><\/div><\/div><div class=\"w-separator size_large\"><\/div><div class=\"w-btn-wrapper width_full\"><a class=\"w-btn us-btn-style_2 icon_atleft\" title=\"Contact\" href=\"https:\/\/tr.blueshippinggroup.com\/contact\/\"><i class=\"fas fa-envelope\"><\/i><span class=\"w-btn-label\">Lojistik Orta\u011f\u0131n\u0131zla Bug\u00fcn \u0130leti\u015fime Ge\u00e7in<\/span><\/a><\/div><div class=\"w-separator size_huge\"><\/div><\/div><\/div><\/div><\/div><\/section>\n","protected":false},"excerpt":{"rendered":"4PL Lojistik \u00c7\u00f6z\u00fcmleri\u201cTedarik zincirinizi y\u00f6netmek i\u00e7in tek kontrol noktas\u0131\u201d\u2026 &nbsp; Karma\u015f\u0131k tedarik zincirleri kapsaml\u0131 \u00e7\u00f6z\u00fcmler gerektirir. Kurulu\u015funuz geni\u015flemeyi d\u00fc\u015f\u00fcn\u00fcyor, basitle\u015ftirme ar\u0131yor veya a\u011f\u0131n\u0131z ve giderleriniz \u00fczerinde daha s\u0131k\u0131 kontrol istiyorsa, Blue Shipping Turkey Lojistik size yard\u0131mc\u0131 olacak bir yap\u0131ya sahiptir. Etkili tedarik\u00e7i kapsam\u0131 belirleme, se\u00e7im ve fiyat g\u00f6r\u00fc\u015fmeleri yoluyla stratejik ortakl\u0131klar sa\u011fl\u0131yoruz. Ekibimiz, hizmet d\u00fczeylerinden...","protected":false},"author":2,"featured_media":0,"parent":742,"menu_order":0,"comment_status":"closed","ping_status":"closed","template":"","meta":[],"_links":{"self":[{"href":"https:\/\/blueshippinggroup.com\/tr\/wp-json\/wp\/v2\/pages\/876"}],"collection":[{"href":"https:\/\/blueshippinggroup.com\/tr\/wp-json\/wp\/v2\/pages"}],"about":[{"href":"https:\/\/blueshippinggroup.com\/tr\/wp-json\/wp\/v2\/types\/page"}],"author":[{"embeddable":true,"href":"https:\/\/blueshippinggroup.com\/tr\/wp-json\/wp\/v2\/users\/2"}],"replies":[{"embeddable":true,"href":"https:\/\/blueshippinggroup.com\/tr\/wp-json\/wp\/v2\/comments?post=876"}],"version-history":[{"count":0,"href":"https:\/\/blueshippinggroup.com\/tr\/wp-json\/wp\/v2\/pages\/876\/revisions"}],"up":[{"embeddable":true,"href":"https:\/\/blueshippinggroup.com\/tr\/wp-json\/wp\/v2\/pages\/742"}],"wp:attachment":[{"href":"https:\/\/blueshippinggroup.com\/tr\/wp-json\/wp\/v2\/media?parent=876"}],"curies":[{"name":"wp","href":"https:\/\/api.w.org\/{rel}","templated":true}]}}