{"id":850,"date":"2022-02-24T15:22:13","date_gmt":"2022-02-24T15:22:13","guid":{"rendered":"https:\/\/tr.blueshippinggroup.com\/?page_id=850"},"modified":"2022-02-24T15:22:13","modified_gmt":"2022-02-24T15:22:13","slug":"corporate","status":"publish","type":"page","link":"https:\/\/blueshippinggroup.com\/tr\/corporate\/","title":{"rendered":"Kurumsal"},"content":{"rendered":"<section class=\"l-section wpb_row us_custom_1533750a height_medium with_img\"><div class=\"l-section-img\" style=\"background-image: url(https:\/\/blueshippinggroup.com\/tr\/wp-content\/uploads\/sites\/3\/2022\/02\/about-blue-shipping-llc.jpg);background-repeat: no-repeat;\" data-img-width=\"1255\" data-img-height=\"746\"><\/div><div class=\"l-section-overlay\" style=\"background:rgba(0,0,0,0.53)\"><\/div><div class=\"l-section-h i-cf\"><div class=\"g-cols vc_row via_grid cols_1 laptops-cols_inherit tablets-cols_inherit mobiles-cols_1 valign_top type_default\"><div class=\"wpb_column vc_column_container\"><div class=\"vc_column-inner\"><div class=\"wpb_text_column\"><div class=\"wpb_wrapper\"><h2 class=\"vc_custom_heading\" style=\"text-align: center\"><span style=\"color: #ffffff\"><strong>Blue Shipping Turkey Lojistik Ltd Sti<\/strong><\/span><\/h2>\n<\/div><\/div><div class=\"w-separator size_medium\"><\/div><div class=\"wpb_text_column\"><div class=\"wpb_wrapper\"><h4 class=\"vc_custom_heading\" style=\"text-align: center\"><span style=\"color: #ffffff\"><strong>KAPSAMLI LOJ\u0130ST\u0130K H\u0130ZMETLER\u0130<\/strong><\/span><\/h4>\n<\/div><\/div><div class=\"w-separator size_medium\"><\/div><div class=\"ult-animation  ult-animate-viewport  ult-no-mobile \" data-animate=\"bounce\" data-animation-delay=\"0\" data-animation-duration=\"3\" data-animation-iteration=\"8\" style=\"opacity:0;\" data-opacity_start_effect=\"\"><div class=\"w-iconbox iconpos_top style_default color_custom align_center no_title no_text\"><div class=\"w-iconbox-icon\" style=\"font-size:5rem;color:var(--color-header-middle-bg);\"><i class=\"fas fa-angle-down\"><\/i><\/div><div class=\"w-iconbox-meta\"><\/div><\/div><\/div><\/div><\/div><\/div><\/div><\/section><!-- Row Backgrounds --><div class=\"upb_color\" data-bg-override=\"0\" data-bg-color=\"rgba(0,0,0,0.67)\" data-fadeout=\"\" data-fadeout-percentage=\"30\" data-parallax-content=\"\" data-parallax-content-sense=\"30\" data-row-effect-mobile-disable=\"true\" data-img-parallax-mobile-disable=\"true\" data-rtl=\"false\"  data-custom-vc-row=\"\"  data-vc=\"6.8.0\"  data-is_old_vc=\"\"  data-theme-support=\"\"   data-overlay=\"false\" data-overlay-color=\"\" data-overlay-pattern=\"\" data-overlay-pattern-opacity=\"\" data-overlay-pattern-size=\"\"    ><\/div><section class=\"l-section wpb_row us_custom_af8da0cd height_auto color_primary type_sticky\"><div class=\"l-section-h i-cf\"><div class=\"g-cols vc_row via_grid cols_1 laptops-cols_inherit tablets-cols_inherit mobiles-cols_1 valign_top type_default\"><div class=\"wpb_column vc_column_container\"><div class=\"vc_column-inner\"><div class=\"w-menu us_custom_fde76abf layout_hor spread style_blocks us_menu_1\" style=\"--main-gap:15px;--main-ver-indent:0.8em;--main-hor-indent:0.8em;\"><ul id=\"menu-aboutus\" class=\"menu\"><li id=\"menu-item-918\" class=\"menu-item menu-item-type-custom menu-item-object-custom menu-item-918\"><a href=\"#aboutus\">Hakk\u0131m\u0131zda<\/a><\/li><li id=\"menu-item-919\" class=\"menu-item menu-item-type-custom menu-item-object-custom menu-item-919\"><a href=\"#vision\">Vizyonumuz<\/a><\/li><li id=\"menu-item-920\" class=\"menu-item menu-item-type-custom menu-item-object-custom menu-item-920\"><a href=\"#mission\">Misyonumuz<\/a><\/li><li id=\"menu-item-921\" class=\"menu-item menu-item-type-custom menu-item-object-custom menu-item-921\"><a href=\"#value\">De\u011ferlerimiz<\/a><\/li><li id=\"menu-item-922\" class=\"menu-item menu-item-type-custom menu-item-object-custom menu-item-922\"><a href=\"#policies\">Politikalar<\/a><\/li><li id=\"menu-item-923\" class=\"menu-item menu-item-type-custom menu-item-object-custom menu-item-923\"><a href=\"#sustainabililty\">S\u00fcrd\u00fcr\u00fclebilirlik<\/a><\/li><li id=\"menu-item-924\" class=\"menu-item menu-item-type-custom menu-item-object-custom menu-item-924\"><a href=\"#4pl\">4PL<\/a><\/li><\/ul><style>.us_menu_1 .menu>li>a{color:var(--color-header-middle-bg)}.us_menu_1 .menu>.menu-item:not(.current-menu-item)>a:hover{color:var(--color-header-middle-text)}.us_menu_1 .menu>.current-menu-item>a{background:rgba(255,255,255,0.20)}.us_menu_1 .menu>.current-menu-item>a{color:var(--color-header-middle-text-hover)}@media ( max-width:600px ){.us_menu_1 .menu{display:block!important}.us_menu_1 .menu>li{margin:0 0 var(--main-gap,15px)!important}}<\/style><\/div><\/div><\/div><\/div><\/div><\/section><section class=\"l-section wpb_row height_large\" id=\"aboutus\"><div class=\"l-section-h i-cf\"><div class=\"g-cols vc_row via_grid cols_1 laptops-cols_inherit tablets-cols_inherit mobiles-cols_1 valign_top type_default\"><div class=\"wpb_column vc_column_container\"><div class=\"vc_column-inner\"><h2 class=\"w-text us_custom_4edec70e has_text_color\"><span class=\"w-text-h\"><span class=\"w-text-value\">Hakk\u0131m\u0131zda<\/span><\/span><\/h2><div class=\"wpb_text_column\"><div class=\"wpb_wrapper\"><div class=\"wpb_text_column \">\n<div class=\"wpb_wrapper\">\n<p style=\"text-align: center\">Blue Shipping Turkey Lojistik olarak m\u00fc\u015fterilerimize kaliteli, inovatif ve g\u00fcvenilir hizmet sunmay\u0131 hedeflemekteyiz.<\/p>\n<p style=\"text-align: center\">Lojistik sekt\u00f6r\u00fcnde 15 y\u0131l\u0131 a\u015fk\u0131n tecr\u00fcbemiz, m\u00fc\u015fteri odakl\u0131 ve butik hizmet anlay\u0131\u015f\u0131m\u0131zla T\u00fcrkiye ba\u015fta olmak \u00fczere Orta Do\u011fu, Orta Asya ve Avrupa \u00fclkelerinde m\u00fc\u015fterilerimizin lojistik alan\u0131ndaki ihtiya\u00e7lar\u0131 do\u011frultusunda en g\u00fcvenilir hizmeti, m\u00fcmk\u00fcn olan en rekabet\u00e7i ko\u015fullarda sunarken salt bir hizmet sa\u011flay\u0131c\u0131 olarak de\u011fil, \u201ci\u015f orta\u011f\u0131\u201d olarak i\u015fbirliklerimizi geli\u015ftirmeyi prensip edindik.<\/p>\n<p style=\"text-align: center\">Bu ama\u00e7 do\u011frultusunda her biri alan\u0131nda deneyimli, profesyonel bak\u0131\u015f a\u00e7\u0131s\u0131na sahip ekip arkada\u015flar\u0131m\u0131zla y\u00fcksek kalite standartlar\u0131nda hizmet vererek m\u00fc\u015fterilerimizin beklentilerine en h\u0131zl\u0131 \u015fekilde \u00e7\u00f6z\u00fcm \u00fcretebilmek temel hedefimizdir.<\/p>\n<\/div>\n<\/div>\n<\/div><\/div><\/div><\/div><\/div><\/div><\/section><section class=\"l-section wpb_row height_huge full_height valign_center with_img\" id=\"vision\"><div class=\"l-section-img\" style=\"background-image: url(https:\/\/blueshippinggroup.com\/tr\/wp-content\/uploads\/sites\/3\/2022\/02\/blue-shipping-llc-vision.jpg);\" data-img-width=\"1920\" data-img-height=\"816\"><\/div><div class=\"l-section-overlay\" style=\"background:rgba(16,16,16,0.70)\"><\/div><div class=\"l-section-h i-cf\"><div class=\"g-cols vc_row via_grid cols_1 laptops-cols_inherit tablets-cols_inherit mobiles-cols_1 valign_top type_default\"><div class=\"wpb_column vc_column_container\"><div class=\"vc_column-inner\"><h3 class=\"w-text us_custom_2509bbe8 has_text_color\"><span class=\"w-text-h\"><span class=\"w-text-value\">Vizyonumuz<\/span><\/span><\/h3><div class=\"w-separator size_medium\"><\/div><div class=\"wpb_text_column\"><div class=\"wpb_wrapper\"><div class=\"wpb_text_column \">\n<div class=\"wpb_wrapper\">\n<p style=\"text-align: center\"><span style=\"color: #ffffff\">Hedefledi\u011fi zorlu co\u011frafyalarda lojistik ve uluslararas\u0131 ta\u015f\u0131mac\u0131l\u0131k sekt\u00f6r\u00fcnde t\u00fcm ta\u015f\u0131ma modlar\u0131nda g\u00fcven duyulan, \u00e7\u00f6z\u00fcm \u00fcreten, inovatif ve kendini s\u00fcrekli geli\u015ftiren \u00f6nc\u00fc bir marka olmak.<\/span><\/p>\n<\/div>\n<\/div>\n<\/div><\/div><\/div><\/div><\/div><\/div><\/section><section class=\"l-section wpb_row height_huge\" id=\"mission\"><div class=\"l-section-h i-cf\"><div class=\"g-cols vc_row via_grid cols_1 laptops-cols_inherit tablets-cols_inherit mobiles-cols_1 valign_top type_default\"><div class=\"wpb_column vc_column_container\"><div class=\"vc_column-inner\"><h3 class=\"w-text us_custom_eb849559\"><span class=\"w-text-h\"><span class=\"w-text-value\">Misyonumuz<\/span><\/span><\/h3><div class=\"w-separator size_medium\"><\/div><div class=\"wpb_text_column\"><div class=\"wpb_wrapper\"><p style=\"text-align: center\">Lojisti\u011fin neredeyse t\u00fcm alanlar\u0131nda edindi\u011fi tecr\u00fcbesini profesyonel bak\u0131\u015f a\u00e7\u0131s\u0131yla geli\u015ftiren<br \/>\nEntegre lojistik hizmetleriyle m\u00fc\u015fterilerine \u201ctek elden hizmet\u201d sunarken, rekabet g\u00fc\u00e7lerini artt\u0131rmay\u0131 hedefleyen,<br \/>\n\u0130novasyon ve s\u00fcrekli geli\u015fimi kendine ilke edinerek fark yaratan<br \/>\n\u015eeffaf, g\u00fcven duyulan ve stratejik bir i\u015f orta\u011f\u0131 olmakt\u0131r.<\/p>\n<\/div><\/div><\/div><\/div><\/div><\/div><\/section><section class=\"l-section wpb_row height_huge with_img\" id=\"value\"><div class=\"l-section-img\" style=\"background-image: url(https:\/\/blueshippinggroup.com\/tr\/wp-content\/uploads\/sites\/3\/2022\/02\/values.jpg);\" data-img-width=\"1920\" data-img-height=\"960\"><\/div><div class=\"l-section-overlay\" style=\"background:rgba(0,0,0,0.65)\"><\/div><div class=\"l-section-h i-cf\"><div class=\"g-cols vc_row via_grid cols_1 laptops-cols_inherit tablets-cols_inherit mobiles-cols_1 valign_top type_default\"><div class=\"wpb_column vc_column_container\"><div class=\"vc_column-inner\"><h3 class=\"w-text us_custom_2509bbe8 has_text_color\"><span class=\"w-text-h\"><span class=\"w-text-value\">De\u011ferlerimiz<\/span><\/span><\/h3><div class=\"w-separator size_medium\"><\/div><div class=\"wpb_text_column\"><div class=\"wpb_wrapper\"><p style=\"text-align: center\"><span style=\"color: #ffffff\"><strong>K\u00fclt\u00fcrlere Sayg\u0131s<\/strong><\/span><\/p>\n<p style=\"text-align: center\"><span style=\"color: #ffffff\"><strong>S\u00fcrekli Geli\u015fim<\/strong><\/span><\/p>\n<p style=\"text-align: center\"><span style=\"color: #ffffff\"><strong>Yarat\u0131c\u0131l\u0131k<\/strong><\/span><\/p>\n<p style=\"text-align: center\"><span style=\"color: #ffffff\"><strong>\u0130\u015fbirlik\u00e7i Olmak<\/strong><\/span><\/p>\n<p style=\"text-align: center\"><span style=\"color: #ffffff\"><strong>Hesap Verilebilirlik<\/strong><\/span><\/p>\n<p style=\"text-align: center\"><span style=\"color: #ffffff\"><strong>\u015eeffafl\u0131k<\/strong><\/span><\/p>\n<p style=\"text-align: center\"><span style=\"color: #ffffff\"><strong>G\u00fcvenilirlik<\/strong><\/span><\/p>\n<p style=\"text-align: center\"><span style=\"color: #ffffff\"><strong>Sorumluluk Alma<\/strong><\/span><\/p>\n<p style=\"text-align: center\"><span style=\"color: #ffffff\"><strong>\u00c7evreye Sayg\u0131<\/strong><\/span><\/p>\n<\/div><\/div><\/div><\/div><\/div><\/div><\/section><section class=\"l-section wpb_row height_huge\" id=\"policies\"><div class=\"l-section-h i-cf\"><div class=\"g-cols vc_row via_grid cols_1 laptops-cols_inherit tablets-cols_inherit mobiles-cols_1 valign_top type_default\"><div class=\"wpb_column vc_column_container\"><div class=\"vc_column-inner\"><h3 class=\"w-text us_custom_eb849559\"><span class=\"w-text-h\"><span class=\"w-text-value\">Politikalar<\/span><\/span><\/h3><div class=\"w-separator size_medium\"><\/div><div class=\"wpb_text_column\"><div class=\"wpb_wrapper\"><div class=\"wpb_text_column \">\n<div class=\"wpb_wrapper\">\n<h4 style=\"text-align: center\">Kalite Politikas\u0131<\/h4>\n<\/div>\n<\/div>\n<div class=\"w-separator size_small\" style=\"text-align: center\"><\/div>\n<div class=\"wpb_text_column \" style=\"text-align: center\">\n<div class=\"wpb_wrapper\">\n<p>Kalitenin m\u00fc\u015fteri memnuniyeti oldu\u011funa inanan Blue Shipping Turkey Lojistik Y\u00f6netimi, hizmet \u00fcretimini hatas\u0131z yapmay\u0131 hedefleyerek d\u00fc\u015f\u00fck maliyet ile \u00fcst\u00fcn bir kalite seviyesine ula\u015fmay\u0131 ama\u00e7lamaktad\u0131r<\/p>\n<p>Bu do\u011frultuda , <strong>Blue Shipping Turkey Lojistik<\/strong> Y\u00f6netimi; ; m\u00fc\u015fterilerinin, \u00e7al\u0131\u015fanlar\u0131n\u0131n, tedarik\u00e7ilerinin, toplumun ve hissedarlar\u0131n\u0131n beklentilerini dengeli bi\u00e7imde kar\u015f\u0131layan ve \u00f6z\u00fcnde s\u00fcrekli iyile\u015ftirme, \u00f6\u011frenme ve yenilik\u00e7ilik olan M\u00fckemmellik Yakla\u015f\u0131m\u0131n\u0131 benimsemi\u015ftir.<\/p>\n<\/div>\n<\/div>\n<div class=\"w-separator size_huge\" style=\"text-align: center\"><\/div>\n<div class=\"wpb_text_column \" style=\"text-align: center\">\n<div class=\"wpb_wrapper\">\n<h4>\u0130SG ve \u00c7evre Politikas\u0131<\/h4>\n<\/div>\n<\/div>\n<div class=\"w-separator size_small\" style=\"text-align: center\"><\/div>\n<div class=\"wpb_text_column \">\n<div class=\"wpb_wrapper\">\n<p style=\"text-align: center\"><strong>Blue Shipping Turkey Lojistik <\/strong>, lojistik hizmetlerinin \u00e7evresel \/ \u0130SG tehlike kaynaklar\u0131n\u0131 d\u00fczenli g\u00f6zden ge\u00e7irerek;,<\/p>\n<p style=\"text-align: center\">Ama\u00e7 ve hedefleri do\u011frultusunda, \u00e7evre ve \u0130SG performans\u0131n\u0131 s\u00fcrekli iyile\u015ftirmeyi,<\/p>\n<p style=\"text-align: center\">Faaliyetlerinde, \u00e7evre dostu ve \u0130SG a\u00e7\u0131s\u0131ndan sorun olu\u015fturmayan teknolojileri kullanarak \u00e7evre kirlili\u011fini \u00f6nlemeyi,<\/p>\n<p style=\"text-align: center\">Daha sa\u011fl\u0131kl\u0131 ve g\u00fcvenli bir \u00e7al\u0131\u015fma ortam\u0131 yaratarak olas\u0131 i\u015f kazalar\u0131 ve meslek hastal\u0131klar\u0131n\u0131 engellemeyi,<\/p>\n<p style=\"text-align: center\">\u0130\u015f sa\u011fl\u0131\u011f\u0131 ve g\u00fcvenli\u011fini \/ \u00e7evreye duyarl\u0131l\u0131\u011f\u0131 ya\u015fam bi\u00e7imi haline getirmeyi,<\/p>\n<p style=\"text-align: center\">\u00c7evre ve \u0130SG faaliyetleri i\u00e7in y\u00fcr\u00fcrl\u00fckteki yasal ve di\u011fer sorumluluklara uymay\u0131 taahh\u00fct eder.<\/p>\n<\/div>\n<\/div>\n<\/div><\/div><\/div><\/div><\/div><\/div><\/section><section class=\"l-section wpb_row height_huge with_img\" id=\"sustainabililty\"><div class=\"l-section-img\" style=\"background-image: url(https:\/\/blueshippinggroup.com\/tr\/wp-content\/uploads\/sites\/3\/2022\/02\/Carbon-Offset-VS-Green-Logistics-pro-and-cons.jpg);\" data-img-width=\"1920\" data-img-height=\"1080\"><\/div><div class=\"l-section-overlay\" style=\"background:rgba(16,16,16,0.70)\"><\/div><div class=\"l-section-h i-cf\"><div class=\"g-cols vc_row via_grid cols_1 laptops-cols_inherit tablets-cols_inherit mobiles-cols_1 valign_top type_default\"><div class=\"wpb_column vc_column_container\"><div class=\"vc_column-inner\"><h3 class=\"w-text us_custom_2509bbe8 has_text_color\"><span class=\"w-text-h\"><span class=\"w-text-value\">S\u00fcrd\u00fcr\u00fclebilirlik<\/span><\/span><\/h3><div class=\"w-separator size_medium\"><\/div><div class=\"wpb_text_column\"><div class=\"wpb_wrapper\"><p style=\"text-align: center\"><span style=\"color: #ffffff\"><strong>Blue Shipping Turkey Lojistik <\/strong>, olarak \u00e7evresel etkilerimizi enerji verimlili\u011fi, CO2 emisyonlar\u0131n\u0131n azalt\u0131lmas\u0131 ve at\u0131k y\u00f6netimini \u00f6nemsiyoruz. Enerji kaynaklar\u0131n\u0131 se\u00e7erken yenilenebilir kaynaklar\u0131 tercih etmeye \u00e7al\u0131\u015f\u0131yoruz.<\/span><\/p>\n<p style=\"text-align: center\"><span style=\"color: #ffffff\">Enerji t\u00fcketimlerimizi \u00f6l\u00e7erek, bunlar\u0131 azaltmak i\u00e7in yap\u0131lmas\u0131 gerekenleri belirliyoruz. Bu kapsamda hem operasyonel s\u00fcre\u00e7lerimizi hem de destek faaliyetlerimizi g\u00f6zden ge\u00e7iriyoruz. At\u0131k y\u00f6netimi kapsam\u0131nda birlikte \u00e7al\u0131\u015faca\u011f\u0131m\u0131z i\u015f ortaklar\u0131n\u0131 belirlerken, yasal ve di\u011fer gerekliliklere uygun \u00e7al\u0131\u015f\u0131lmas\u0131na dikkat ediyoruz.<\/span><\/p>\n<\/div><\/div><\/div><\/div><\/div><\/div><\/section><section class=\"l-section wpb_row height_huge\" id=\"4pl\"><div class=\"l-section-h i-cf\"><div class=\"g-cols vc_row via_grid cols_1 laptops-cols_inherit tablets-cols_inherit mobiles-cols_1 valign_top type_default\"><div class=\"wpb_column vc_column_container\"><div class=\"vc_column-inner\"><h3 class=\"w-text us_custom_eb849559\"><span class=\"w-text-h\"><span class=\"w-text-value\">4PL Lojistik \u00c7\u00f6z\u00fcmleri<\/span><\/span><\/h3><div class=\"w-separator size_medium\"><\/div><div class=\"wpb_text_column\"><div class=\"wpb_wrapper\"><div class=\"p-page__section theme--light p-page__section--content--wide\" data-deep-link=\"ContentSectionWide\" data-r-name=\"Content Section Wide\">\n<div class=\"p-page__section__outer\">\n<div class=\"p-page__section__inner \">\n<div class=\"p-section__heading p-page__section__child \" data-deep-link=\"SectionHeader\" data-r-name=\"Section Header\" data-r-ds=\"Section Header 01\">\n<div class=\"p-section__heading__content\">\n<div class=\"heading \">\n<h4 class=\"font--display-3\" style=\"text-align: center\">TEDAR\u0130K Z\u0130NC\u0130R\u0130 ORKESTRAT\u00d6R\u00dc<\/h4>\n<\/div>\n<div class=\"rich-text\" style=\"text-align: center\">\n<p><img decoding=\"async\" loading=\"lazy\" class=\"aligncenter wp-image-868 size-full\" src=\"https:\/\/blueshippinggroup.com\/tr\/wp-content\/uploads\/sites\/3\/2022\/02\/33.jpg\" alt=\"\" width=\"855\" height=\"443\" srcset=\"https:\/\/blueshippinggroup.com\/tr\/wp-content\/uploads\/sites\/3\/2022\/02\/33.jpg 855w, https:\/\/blueshippinggroup.com\/tr\/wp-content\/uploads\/sites\/3\/2022\/02\/33-300x155.jpg 300w, https:\/\/blueshippinggroup.com\/tr\/wp-content\/uploads\/sites\/3\/2022\/02\/33-768x398.jpg 768w\" sizes=\"(max-width: 855px) 100vw, 855px\" \/><\/p>\n<p>G\u00fcn\u00fcm\u00fcz\u00fcn i\u015f ortam\u0131nda, bir sat\u0131nalma sipari\u015finin yerine getirilmesi birden fazla i\u00e7 ve d\u0131\u015f fakt\u00f6r\u00fc i\u00e7erir. Bununla birlikte, temel ama\u00e7, t\u00fcm tedarik zinciri hizmet sa\u011flay\u0131c\u0131lar\u0131n\u0131z\u0131 tek bir yenilik\u00e7i ekosisteme entegre etmektir.<\/p>\n<p>&nbsp;<\/p>\n<\/div>\n<\/div>\n<\/div>\n<\/div>\n<\/div>\n<\/div>\n<div class=\"p-page__section theme--light p-page__section--no-padding-top\" data-deep-link=\"CalloutLargeMedia\" data-r-name=\"Callout Large Media\" data-r-ds=\"Callout Large Media\">\n<div class=\"p-page__section__outer\">\n<div class=\"p-page__section__inner p-page__section__inner--xl\">\n<div class=\"p-section__call-out\">\n<div class=\"p-section__call-out__content\">\n<div class=\"p-section__call-out__box\">\n<div class=\"heading \" style=\"text-align: center\">\n<h5 class=\"font--display-2\">Tedarik zincirinizi y\u00f6netmek i\u00e7in bir kontrol noktas\u0131<\/h5>\n<p>&nbsp;<\/p>\n<\/div>\n<div class=\"rich-text\">\n<p style=\"text-align: center\">Supply Chain Orchestrator, insanlar\u0131, bilgiyi, deneyimi, sistemleri ve s\u00fcre\u00e7leri b\u00fct\u00fcnle\u015ftirir. Dahas\u0131, tedarik zincirinizi daha iyi bir \u00e7eviklik ve kontrolle y\u00f6netmenize yard\u0131mc\u0131 olmak i\u00e7in kritik i\u00e7g\u00f6r\u00fclerden yararlan\u0131r.<\/p>\n<p style=\"text-align: center\">Yeni i\u015f f\u0131rsatlar\u0131 ve b\u00fcy\u00fcme yaratmak i\u00e7in s\u00fcre\u00e7leri olu\u015fturarak, istisnalar\u0131 takip ederek ve performans\u0131 izleyerek stratejik ve ger\u00e7eklere dayal\u0131 kararlar alabilirsiniz. Hepsi Supply Chain Orchestrator&#8217;\u0131n ak\u0131ll\u0131 \u00e7\u00f6z\u00fcmleriyle..<\/p>\n<p><img decoding=\"async\" loading=\"lazy\" class=\"aligncenter wp-image-873 size-full\" src=\"https:\/\/blueshippinggroup.com\/tr\/wp-content\/uploads\/sites\/3\/2022\/02\/22.jpg\" alt=\"\" width=\"809\" height=\"416\" srcset=\"https:\/\/blueshippinggroup.com\/tr\/wp-content\/uploads\/sites\/3\/2022\/02\/22.jpg 809w, https:\/\/blueshippinggroup.com\/tr\/wp-content\/uploads\/sites\/3\/2022\/02\/22-300x154.jpg 300w, https:\/\/blueshippinggroup.com\/tr\/wp-content\/uploads\/sites\/3\/2022\/02\/22-768x395.jpg 768w\" sizes=\"(max-width: 809px) 100vw, 809px\" \/><\/p>\n<\/div>\n<\/div>\n<\/div>\n<\/div>\n<\/div>\n<\/div>\n<\/div>\n<\/div><\/div><\/div><\/div><\/div><\/div><\/section>\n","protected":false},"excerpt":{"rendered":"Blue Shipping Turkey Lojistik Ltd Sti KAPSAMLI LOJ\u0130ST\u0130K H\u0130ZMETLER\u0130 Hakk\u0131m\u0131zdaVizyonumuzMisyonumuzDe\u011ferlerimizPolitikalarS\u00fcrd\u00fcr\u00fclebilirlik4PLHakk\u0131m\u0131zda Blue Shipping Turkey Lojistik olarak m\u00fc\u015fterilerimize kaliteli, inovatif ve g\u00fcvenilir hizmet sunmay\u0131 hedeflemekteyiz. Lojistik sekt\u00f6r\u00fcnde 15 y\u0131l\u0131 a\u015fk\u0131n tecr\u00fcbemiz, m\u00fc\u015fteri odakl\u0131 ve butik hizmet anlay\u0131\u015f\u0131m\u0131zla T\u00fcrkiye ba\u015fta olmak \u00fczere Orta Do\u011fu, Orta Asya ve Avrupa \u00fclkelerinde m\u00fc\u015fterilerimizin lojistik alan\u0131ndaki ihtiya\u00e7lar\u0131 do\u011frultusunda en g\u00fcvenilir hizmeti, m\u00fcmk\u00fcn...","protected":false},"author":2,"featured_media":0,"parent":0,"menu_order":0,"comment_status":"closed","ping_status":"closed","template":"","meta":[],"_links":{"self":[{"href":"https:\/\/blueshippinggroup.com\/tr\/wp-json\/wp\/v2\/pages\/850"}],"collection":[{"href":"https:\/\/blueshippinggroup.com\/tr\/wp-json\/wp\/v2\/pages"}],"about":[{"href":"https:\/\/blueshippinggroup.com\/tr\/wp-json\/wp\/v2\/types\/page"}],"author":[{"embeddable":true,"href":"https:\/\/blueshippinggroup.com\/tr\/wp-json\/wp\/v2\/users\/2"}],"replies":[{"embeddable":true,"href":"https:\/\/blueshippinggroup.com\/tr\/wp-json\/wp\/v2\/comments?post=850"}],"version-history":[{"count":0,"href":"https:\/\/blueshippinggroup.com\/tr\/wp-json\/wp\/v2\/pages\/850\/revisions"}],"wp:attachment":[{"href":"https:\/\/blueshippinggroup.com\/tr\/wp-json\/wp\/v2\/media?parent=850"}],"curies":[{"name":"wp","href":"https:\/\/api.w.org\/{rel}","templated":true}]}}