{"id":742,"date":"2022-02-21T15:25:36","date_gmt":"2022-02-21T15:25:36","guid":{"rendered":"https:\/\/tr.blueshippinggroup.com\/?page_id=742"},"modified":"2022-02-21T15:25:36","modified_gmt":"2022-02-21T15:25:36","slug":"services","status":"publish","type":"page","link":"https:\/\/blueshippinggroup.com\/tr\/services\/","title":{"rendered":"Hizmetlerimiz"},"content":{"rendered":"<section class=\"l-section wpb_row us_custom_bfa0fef6 height_large with_img\"><div class=\"l-section-img\" style=\"background-image: url(https:\/\/blueshippinggroup.com\/tr\/wp-content\/uploads\/sites\/3\/2022\/02\/supply-chain-and-logistics-blue-shipping-llc.jpg);\" data-img-width=\"1920\" data-img-height=\"1097\"><\/div><div class=\"l-section-overlay\" style=\"background:rgba(26,26,26,0.50)\"><\/div><div class=\"l-section-h i-cf\"><div class=\"g-cols vc_row via_grid cols_1 laptops-cols_inherit tablets-cols_inherit mobiles-cols_1 valign_top type_default\"><div class=\"wpb_column vc_column_container\"><div class=\"vc_column-inner\"><div class=\"w-hwrapper align_center valign_middle wrap\"><h1 class=\"w-text us_custom_43d52c0d has_text_color\"><span class=\"w-text-h\"><span class=\"w-text-value\">Blue Shipping Turkey Lojistik Ltd Sti<\/span><\/span><\/h1><div class=\"w-separator size_small\"><\/div><h3 class=\"w-text us_custom_43d52c0d has_text_color\"><span class=\"w-text-h\"><span class=\"w-text-value\">KAPSAMLI LOJ\u0130ST\u0130K H\u0130ZMETLER\u0130<\/span><\/span><\/h3><\/div><\/div><\/div><\/div><\/div><\/section><section class=\"l-section wpb_row height_auto\" id=\"content\"><div class=\"l-section-h i-cf\"><div class=\"g-cols vc_row via_grid cols_1 laptops-cols_inherit tablets-cols_inherit mobiles-cols_1 valign_top type_default\"><div class=\"wpb_column vc_column_container\"><div class=\"vc_column-inner\"><div class=\"w-separator size_medium\"><\/div><h3 class=\"w-text us_custom_7d7d4163\"><span class=\"w-text-h\"><span class=\"w-text-value\">Hizmetlerimiz<\/span><\/span><\/h3><div class=\"w-separator size_medium\"><\/div><\/div><\/div><\/div><\/div><\/section><section class=\"l-section wpb_row height_auto\"><div class=\"l-section-h i-cf\"><div class=\"g-cols vc_row via_grid cols_3 laptops-cols_inherit tablets-cols_inherit mobiles-cols_1 valign_middle type_default\" style=\"grid-gap:1.6rem;\"><div class=\"wpb_column vc_column_container\"><div class=\"vc_column-inner\"><a class=\"w-flipbox animation_cubetilt direction_e\" title=\"Marine Transportation\" href=\"https:\/\/tr.blueshippinggroup.com\/marine-transportation\/\"><div class=\"w-flipbox-h easing_ease\" style=\"transition-duration:0.5s;\"><div class=\"w-flipbox-hh\"><div class=\"w-flipbox-front us_custom_71fb65ac\" style=\"background:var(--color-alt-content-overlay);color:#ffffff;background-image:url(https:\/\/blueshippinggroup.com\/tr\/wp-content\/uploads\/sites\/3\/2022\/02\/bsl-marine.jpg);\"><div class=\"w-flipbox-front-h\"><div class=\"w-flipbox-front-icon style_default\" style=\"font-size:5rem;color:#f5f5f5;\"><i class=\"far fa-ship\"><\/i><\/div><h3 class=\"w-flipbox-front-title\" style=\"font-size:1.5rem;\">Denizyolu Ta\u015f\u0131mac\u0131l\u0131\u011f\u0131<\/h3><\/div><\/div><div class=\"w-flipbox-back us_custom_71fb65ac\" style=\"display:none;background:#0c6394;color:#ffffff;\"><div class=\"w-flipbox-back-h\"><h4 class=\"w-flipbox-back-title\" style=\"font-size:1.2rem;\">Denizyolu Ta\u015f\u0131mac\u0131l\u0131\u011f\u0131<\/h4><div class=\"w-flipbox-back-desc\"><p>\u201cD\u00fcnyada ula\u015famayaca\u011f\u0131m\u0131z liman yok\u201d..<\/p>\n<\/div><\/div><\/div><\/div><\/div><\/a><div class=\"w-separator size_small\"><\/div><a class=\"w-flipbox animation_cubetilt direction_s\" title=\"Railway Transportation\" href=\"https:\/\/tr.blueshippinggroup.com\/railway-transportation\/\"><div class=\"w-flipbox-h easing_ease\" style=\"transition-duration:0.5s;\"><div class=\"w-flipbox-hh\"><div class=\"w-flipbox-front us_custom_af5a68bb\" style=\"background:rgba(26,26,26,0.45);color:#ffffff;background-image:url(https:\/\/blueshippinggroup.com\/tr\/wp-content\/uploads\/sites\/3\/2022\/02\/bsl-train.jpg);\"><div class=\"w-flipbox-front-h\"><div class=\"w-flipbox-front-icon style_default\" style=\"font-size:5rem;color:#f5f5f5;\"><i class=\"far fa-train\"><\/i><\/div><h3 class=\"w-flipbox-front-title\" style=\"font-size:1.5rem;\">Demiryolu Ta\u015f\u0131mac\u0131l\u0131\u011f\u0131<\/h3><\/div><\/div><div class=\"w-flipbox-back us_custom_af5a68bb\" style=\"display:none;background:#00aacc;color:#ffffff;\"><div class=\"w-flipbox-back-h\"><h4 class=\"w-flipbox-back-title\" style=\"font-size:1.2rem;\">Demiryolu Ta\u015f\u0131mac\u0131l\u0131\u011f\u0131<\/h4><div class=\"w-flipbox-back-desc\"><p>\u201cDemiryolu bizim i\u015fimiz\u201d\u2026<\/p>\n<\/div><\/div><\/div><\/div><\/div><\/a><\/div><\/div><div class=\"wpb_column vc_column_container\"><div class=\"vc_column-inner\"><a class=\"w-flipbox animation_cubetilt direction_w\" title=\"Road Transportation\" href=\"https:\/\/tr.blueshippinggroup.com\/road-transportation\/\"><div class=\"w-flipbox-h easing_ease\" style=\"transition-duration:0.5s;\"><div class=\"w-flipbox-hh\"><div class=\"w-flipbox-front us_custom_af5a68bb\" style=\"background:rgba(26,26,26,0.45);color:#ffffff;background-image:url(https:\/\/blueshippinggroup.com\/tr\/wp-content\/uploads\/sites\/3\/2022\/02\/bsl-road.jpg);\"><div class=\"w-flipbox-front-h\"><div class=\"w-flipbox-front-icon style_default\" style=\"font-size:5rem;color:#f5f5f5;\"><i class=\"far fa-road\"><\/i><\/div><h3 class=\"w-flipbox-front-title\" style=\"font-size:1.5rem;\">Karayolu Ta\u015f\u0131mac\u0131l\u0131\u011f\u0131<\/h3><\/div><\/div><div class=\"w-flipbox-back us_custom_af5a68bb\" style=\"display:none;background:#00aacc;color:#ffffff;\"><div class=\"w-flipbox-back-h\"><h4 class=\"w-flipbox-back-title\" style=\"font-size:1.2rem;\">Karayolu Ta\u015f\u0131mac\u0131l\u0131\u011f\u0131<\/h4><div class=\"w-flipbox-back-desc\"><p>\u201cZaman\u0131nda\u2026 G\u00fcvenli\u2026 \u00c7evre Dostu\u201d\u2026<\/p>\n<\/div><\/div><\/div><\/div><\/div><\/a><div class=\"w-separator size_small\"><\/div><a class=\"w-flipbox animation_cubetilt direction_n\" title=\"Multi-Modal Transportation\" href=\"https:\/\/tr.blueshippinggroup.com\/multi-modal-transportation\/\"><div class=\"w-flipbox-h easing_ease\" style=\"transition-duration:0.5s;\"><div class=\"w-flipbox-hh\"><div class=\"w-flipbox-front us_custom_af5a68bb\" style=\"background:rgba(26,26,26,0.45);color:#ffffff;background-image:url(https:\/\/blueshippinggroup.com\/tr\/wp-content\/uploads\/sites\/3\/2022\/02\/bsl-multi.jpg);\"><div class=\"w-flipbox-front-h\"><div class=\"w-flipbox-front-icon style_default\" style=\"font-size:5rem;color:#f5f5f5;\"><i class=\"far fa-globe-europe\"><\/i><\/div><h3 class=\"w-flipbox-front-title\" style=\"font-size:1.5rem;\">Multi-Modal Ta\u015f\u0131mac\u0131l\u0131k<\/h3><\/div><\/div><div class=\"w-flipbox-back us_custom_af5a68bb\" style=\"display:none;background:#0c6394;color:#ffffff;\"><div class=\"w-flipbox-back-h\"><h4 class=\"w-flipbox-back-title\" style=\"font-size:1.2rem;\">Multi-Modal Ta\u015f\u0131mac\u0131l\u0131k<\/h4><div class=\"w-flipbox-back-desc\"><p>\u201cH\u0131zl\u0131 ve \u00e7evreci ula\u015f\u0131m\u201d<\/p>\n<\/div><\/div><\/div><\/div><\/div><\/a><\/div><\/div><div class=\"wpb_column vc_column_container\"><div class=\"vc_column-inner\"><a class=\"w-flipbox animation_cubetilt direction_s\" title=\"Airline Transportation\" href=\"https:\/\/tr.blueshippinggroup.com\/airline-transportation\/\"><div class=\"w-flipbox-h easing_ease\" style=\"transition-duration:0.5s;\"><div class=\"w-flipbox-hh\"><div class=\"w-flipbox-front us_custom_af5a68bb\" style=\"background:rgba(26,26,26,0.45);color:#ffffff;background-image:url(https:\/\/blueshippinggroup.com\/tr\/wp-content\/uploads\/sites\/3\/2022\/02\/bsl-airline.jpg);\"><div class=\"w-flipbox-front-h\"><div class=\"w-flipbox-front-icon style_default\" style=\"font-size:5rem;color:#f5f5f5;\"><i class=\"far fa-plane\"><\/i><\/div><h3 class=\"w-flipbox-front-title\" style=\"font-size:1.5rem;\">Havayolu Ta\u015f\u0131mac\u0131l\u0131\u011f\u0131<\/h3><\/div><\/div><div class=\"w-flipbox-back us_custom_af5a68bb\" style=\"display:none;background:#0c6394;color:#ffffff;\"><div class=\"w-flipbox-back-h\"><h4 class=\"w-flipbox-back-title\" style=\"font-size:1.2rem;\">Havayolu Ta\u015f\u0131mac\u0131l\u0131\u011f\u0131<\/h4><div class=\"w-flipbox-back-desc\"><p>\u201cD\u00fcnyan\u0131n her yerine u\u00e7uyoruz\u201d\u2026<\/p>\n<\/div><\/div><\/div><\/div><\/div><\/a><div class=\"w-separator size_small\"><\/div><a class=\"w-flipbox animation_cubetilt direction_e\" title=\"Heavy Cargo and Project Transportation\" href=\"https:\/\/tr.blueshippinggroup.com\/heavy-cargo-and-project-transportation\/\"><div class=\"w-flipbox-h easing_ease\" style=\"transition-duration:0.5s;\"><div class=\"w-flipbox-hh\"><div class=\"w-flipbox-front us_custom_af5a68bb\" style=\"background:rgba(26,26,26,0.45);color:#ffffff;background-image:url(https:\/\/blueshippinggroup.com\/tr\/wp-content\/uploads\/sites\/3\/2022\/02\/bsl-heavy.jpg);\"><div class=\"w-flipbox-front-h\"><div class=\"w-flipbox-front-icon style_default\" style=\"font-size:5rem;color:#f5f5f5;\"><i class=\"far fa-container-storage\"><\/i><\/div><h3 class=\"w-flipbox-front-title\" style=\"font-size:1.5rem;\">A\u011f\u0131r Y\u00fck ve proje Ta\u015f\u0131mac\u0131l\u0131\u011f\u0131<\/h3><\/div><\/div><div class=\"w-flipbox-back us_custom_af5a68bb\" style=\"display:none;background:#00aacc;color:#ffffff;\"><div class=\"w-flipbox-back-h\"><h4 class=\"w-flipbox-back-title\" style=\"font-size:1.2rem;\">A\u011f\u0131r Y\u00fck ve proje Ta\u015f\u0131mac\u0131l\u0131\u011f\u0131<\/h4><div class=\"w-flipbox-back-desc\"><p>\"Ta\u015f\u0131mac\u0131l\u0131kta \u201ca\u201ddan \u201cz\u201dye her \u015feyi biz y\u00f6netiyoruz\u201d\u2026<\/p>\n<\/div><\/div><\/div><\/div><\/div><\/a><\/div><\/div><\/div><\/div><\/section><section class=\"l-section wpb_row height_auto\"><div class=\"l-section-h i-cf\"><div class=\"g-cols vc_row via_grid cols_1-3-1 laptops-cols_inherit tablets-cols_inherit mobiles-cols_1 valign_middle type_default\" style=\"grid-gap:1.6rem;\"><div class=\"wpb_column vc_column_container\"><div class=\"vc_column-inner\"><\/div><\/div><div class=\"wpb_column vc_column_container\"><div class=\"vc_column-inner\"><div class=\"w-separator size_small\"><\/div><a class=\"w-flipbox animation_cubetilt direction_n\" title=\"Multi-Modal Transportation\" href=\"https:\/\/tr.blueshippinggroup.com\/services\/4pl-logistics-solutions\/\"><div class=\"w-flipbox-h easing_ease\" style=\"transition-duration:0.5s;\"><div class=\"w-flipbox-hh\"><div class=\"w-flipbox-front \" style=\"background:rgba(26,26,26,0.60);color:#ffffff;background-image:url(https:\/\/blueshippinggroup.com\/tr\/wp-content\/uploads\/sites\/3\/2022\/02\/bsl-4pl-back.jpg);\"><div class=\"w-flipbox-front-h\"><div class=\"w-flipbox-front-icon style_default\" style=\"font-size:5rem;color:#f5f5f5;\"><i class=\"far fa-business-time\"><\/i><\/div><h3 class=\"w-flipbox-front-title\" style=\"font-size:1.5rem;\">4PL Lojistik \u00c7\u00f6z\u00fcmleri<\/h3><\/div><\/div><div class=\"w-flipbox-back \" style=\"display:none;background:#0c6394;color:#ffffff;\"><div class=\"w-flipbox-back-h\"><h4 class=\"w-flipbox-back-title\" style=\"font-size:1.2rem;\">4PL Lojistik \u00c7\u00f6z\u00fcmleri<\/h4><div class=\"w-flipbox-back-desc\"><p>\u201cTedarik zincirinizi y\u00f6netmek i\u00e7in tek kontrol noktas\u0131\u201d\u2026<\/p>\n<\/div><\/div><\/div><\/div><\/div><\/a><\/div><\/div><div class=\"wpb_column vc_column_container\"><div class=\"vc_column-inner\"><\/div><\/div><\/div><\/div><\/section><section class=\"l-section wpb_row height_huge\"><div class=\"l-section-h i-cf\"><div class=\"g-cols vc_row via_grid cols_1 laptops-cols_inherit tablets-cols_inherit mobiles-cols_1 valign_top type_default\"><div class=\"wpb_column vc_column_container\"><div class=\"vc_column-inner\"><div class=\"w-separator size_large\"><\/div><\/div><\/div><\/div><\/div><\/section>\n","protected":false},"excerpt":{"rendered":"Blue Shipping Turkey Lojistik Ltd StiKAPSAMLI LOJ\u0130ST\u0130K H\u0130ZMETLER\u0130HizmetlerimizDenizyolu Ta\u015f\u0131mac\u0131l\u0131\u011f\u0131Denizyolu Ta\u015f\u0131mac\u0131l\u0131\u011f\u0131\u201cD\u00fcnyada ula\u015famayaca\u011f\u0131m\u0131z liman yok\u201d.. Demiryolu Ta\u015f\u0131mac\u0131l\u0131\u011f\u0131Demiryolu Ta\u015f\u0131mac\u0131l\u0131\u011f\u0131\u201cDemiryolu bizim i\u015fimiz\u201d\u2026 Karayolu Ta\u015f\u0131mac\u0131l\u0131\u011f\u0131Karayolu Ta\u015f\u0131mac\u0131l\u0131\u011f\u0131\u201cZaman\u0131nda\u2026 G\u00fcvenli\u2026 \u00c7evre Dostu\u201d\u2026 Multi-Modal Ta\u015f\u0131mac\u0131l\u0131kMulti-Modal Ta\u015f\u0131mac\u0131l\u0131k\u201cH\u0131zl\u0131 ve \u00e7evreci ula\u015f\u0131m\u201d Havayolu Ta\u015f\u0131mac\u0131l\u0131\u011f\u0131Havayolu Ta\u015f\u0131mac\u0131l\u0131\u011f\u0131\u201cD\u00fcnyan\u0131n her yerine u\u00e7uyoruz\u201d\u2026 A\u011f\u0131r Y\u00fck ve proje Ta\u015f\u0131mac\u0131l\u0131\u011f\u0131A\u011f\u0131r Y\u00fck ve proje Ta\u015f\u0131mac\u0131l\u0131\u011f\u0131\"Ta\u015f\u0131mac\u0131l\u0131kta \u201ca\u201ddan \u201cz\u201dye her \u015feyi biz y\u00f6netiyoruz\u201d\u2026 4PL Lojistik \u00c7\u00f6z\u00fcmleri4PL Lojistik...","protected":false},"author":2,"featured_media":0,"parent":0,"menu_order":0,"comment_status":"closed","ping_status":"closed","template":"","meta":[],"_links":{"self":[{"href":"https:\/\/blueshippinggroup.com\/tr\/wp-json\/wp\/v2\/pages\/742"}],"collection":[{"href":"https:\/\/blueshippinggroup.com\/tr\/wp-json\/wp\/v2\/pages"}],"about":[{"href":"https:\/\/blueshippinggroup.com\/tr\/wp-json\/wp\/v2\/types\/page"}],"author":[{"embeddable":true,"href":"https:\/\/blueshippinggroup.com\/tr\/wp-json\/wp\/v2\/users\/2"}],"replies":[{"embeddable":true,"href":"https:\/\/blueshippinggroup.com\/tr\/wp-json\/wp\/v2\/comments?post=742"}],"version-history":[{"count":0,"href":"https:\/\/blueshippinggroup.com\/tr\/wp-json\/wp\/v2\/pages\/742\/revisions"}],"wp:attachment":[{"href":"https:\/\/blueshippinggroup.com\/tr\/wp-json\/wp\/v2\/media?parent=742"}],"curies":[{"name":"wp","href":"https:\/\/api.w.org\/{rel}","templated":true}]}}