{"id":739,"date":"2022-02-21T15:19:22","date_gmt":"2022-02-21T15:19:22","guid":{"rendered":"https:\/\/tr.blueshippinggroup.com\/?page_id=739"},"modified":"2022-02-21T15:19:22","modified_gmt":"2022-02-21T15:19:22","slug":"heavy-cargo-and-project-transportation","status":"publish","type":"page","link":"https:\/\/blueshippinggroup.com\/tr\/services\/heavy-cargo-and-project-transportation\/","title":{"rendered":"A\u011f\u0131r Y\u00fck ve Proje Ta\u015f\u0131mac\u0131l\u0131\u011f\u0131"},"content":{"rendered":"<section class=\"l-section wpb_row us_custom_e43e0d68 height_medium with_img\"><div class=\"l-section-img\" style=\"background-image: url(https:\/\/blueshippinggroup.com\/tr\/wp-content\/uploads\/sites\/3\/2022\/02\/bsl-1-1.jpg);\" data-img-width=\"1557\" data-img-height=\"630\"><\/div><div class=\"l-section-overlay\" style=\"background:rgba(26,26,26,0.65)\"><\/div><div class=\"l-section-h i-cf\"><div class=\"g-cols vc_row via_grid cols_1 laptops-cols_inherit tablets-cols_inherit mobiles-cols_1 valign_top type_default\"><div class=\"wpb_column vc_column_container\"><div class=\"vc_column-inner\"><div class=\"w-hwrapper align_center valign_middle\"><h2 class=\"w-text us_custom_43d52c0d has_text_color\"><span class=\"w-text-h\"><span class=\"w-text-value\">A\u011f\u0131r Y\u00fck ve Proje Ta\u015f\u0131mac\u0131l\u0131\u011f\u0131<\/span><\/span><\/h2><\/div><\/div><\/div><\/div><\/div><\/section><section class=\"l-section wpb_row height_auto\" id=\"content\"><div class=\"l-section-h i-cf\"><div class=\"g-cols vc_row via_grid cols_1 laptops-cols_inherit tablets-cols_inherit mobiles-cols_1 valign_top type_default\"><div class=\"wpb_column vc_column_container\"><div class=\"vc_column-inner\"><div class=\"w-separator size_medium\"><\/div><div class=\"wpb_text_column\"><div class=\"wpb_wrapper\"><p style=\"text-align: center\"><strong>\u201cTa\u015f\u0131mac\u0131l\u0131kta \u201ca\u201ddan \u201cz\u201dye her \u015feyi biz y\u00f6netiyoruz\u201d\u2026<\/strong><\/p>\n<p>Blue Shipping Turkey Lojistik olarak standart \u00f6l\u00e7\u00fcler d\u0131\u015f\u0131ndaki t\u00fcm y\u00fcklerin, bu y\u00fcklere uygun \u00f6zel r\u00f6morklar ve \u00e7eker ara\u00e7lar ile \u00f6nc\u00fc ara\u00e7 e\u015fli\u011finde, m\u00fcmk\u00fcn olan standartlar da karayolu izin belgelerini alarak en g\u00fcvenli ve en k\u0131sa s\u00fcrede karayolu ve kombine ta\u015f\u0131ma sistemi ile var\u0131\u015f noktas\u0131na ta\u015f\u0131nmas\u0131n\u0131 a\u2019dan z\u2019ye y\u00f6netiyoruz.<\/p>\n<p>&nbsp;<\/p>\n<p>Blue Shipping Turkey Lojistik olarak, Hizmet Verdi\u011fimiz Sekt\u00f6rlerden ba\u015fl\u0131calar\u0131 \u015fu \u015fekildedir.<\/p>\n<p>Makine, \u0130n\u015faat, Otomotiv, Enerji, Maden, Denizcilik, Telekom\u00fcnikasyon, Liman \u0130\u015fletmeleri,<\/p>\n<p>Bu kapsamda a\u015fa\u011f\u0131daki t\u00fcm projeleri kombine ta\u015f\u0131ma sistemlerini kullanarak y\u00fcksek m\u00fc\u015fteri memnuniyeti ile ger\u00e7ekle\u015ftirmekteyiz.<\/p>\n<p>* Trafo, T\u00fcrbin ve Jenerat\u00f6r Ta\u015f\u0131malar\u0131,<\/p>\n<p>* \u0130\u015f makinas\u0131 Ta\u015f\u0131malar\u0131 \u00a0(Ekskavat\u00f6r, Y\u00fckleyici, Dozer \u00a0v.b.)<\/p>\n<p>* Enerji Santrali Ta\u015f\u0131malar\u0131,<\/p>\n<p>* Gabari y\u00fck ta\u015f\u0131malar\u0131,<\/p>\n<p>* Gemi motoru Ta\u015f\u0131malar\u0131,<\/p>\n<p>* Tekne ve Yat Ta\u015f\u0131malar\u0131<\/p>\n<p>* Beton Santrali Ta\u015f\u0131malar\u0131,<\/p>\n<p>* Ta\u015f-K\u0131rma Eleme Tesisi Ta\u015f\u0131malar\u0131,<\/p>\n<p>* D\u00f6k\u00fcm \u00fcniteleri Ta\u015f\u0131malar\u0131<\/p>\n<p>Uzman ekibimiz size en uygun \u00e7\u00f6z\u00fcmlerle h\u0131z ve servis kalitesi bak\u0131m\u0131ndan kusursuz ta\u015f\u0131ma projesini olu\u015fturacakt\u0131r. Size \u00f6zel ta\u015f\u0131ma se\u00e7eneklerimizi i\u00e7in bizimle ileti\u015fime ge\u00e7meniz yeterlidir.<\/p>\n<\/div><\/div><div class=\"w-separator size_large\"><\/div><\/div><\/div><\/div><\/div><\/section>\n","protected":false},"excerpt":{"rendered":"A\u011f\u0131r Y\u00fck ve Proje Ta\u015f\u0131mac\u0131l\u0131\u011f\u0131\u201cTa\u015f\u0131mac\u0131l\u0131kta \u201ca\u201ddan \u201cz\u201dye her \u015feyi biz y\u00f6netiyoruz\u201d\u2026 Blue Shipping Turkey Lojistik olarak standart \u00f6l\u00e7\u00fcler d\u0131\u015f\u0131ndaki t\u00fcm y\u00fcklerin, bu y\u00fcklere uygun \u00f6zel r\u00f6morklar ve \u00e7eker ara\u00e7lar ile \u00f6nc\u00fc ara\u00e7 e\u015fli\u011finde, m\u00fcmk\u00fcn olan standartlar da karayolu izin belgelerini alarak en g\u00fcvenli ve en k\u0131sa s\u00fcrede karayolu ve kombine ta\u015f\u0131ma sistemi ile var\u0131\u015f noktas\u0131na...","protected":false},"author":2,"featured_media":0,"parent":742,"menu_order":0,"comment_status":"closed","ping_status":"closed","template":"","meta":[],"_links":{"self":[{"href":"https:\/\/blueshippinggroup.com\/tr\/wp-json\/wp\/v2\/pages\/739"}],"collection":[{"href":"https:\/\/blueshippinggroup.com\/tr\/wp-json\/wp\/v2\/pages"}],"about":[{"href":"https:\/\/blueshippinggroup.com\/tr\/wp-json\/wp\/v2\/types\/page"}],"author":[{"embeddable":true,"href":"https:\/\/blueshippinggroup.com\/tr\/wp-json\/wp\/v2\/users\/2"}],"replies":[{"embeddable":true,"href":"https:\/\/blueshippinggroup.com\/tr\/wp-json\/wp\/v2\/comments?post=739"}],"version-history":[{"count":0,"href":"https:\/\/blueshippinggroup.com\/tr\/wp-json\/wp\/v2\/pages\/739\/revisions"}],"up":[{"embeddable":true,"href":"https:\/\/blueshippinggroup.com\/tr\/wp-json\/wp\/v2\/pages\/742"}],"wp:attachment":[{"href":"https:\/\/blueshippinggroup.com\/tr\/wp-json\/wp\/v2\/media?parent=739"}],"curies":[{"name":"wp","href":"https:\/\/api.w.org\/{rel}","templated":true}]}}