{"id":737,"date":"2022-02-21T15:17:14","date_gmt":"2022-02-21T15:17:14","guid":{"rendered":"https:\/\/tr.blueshippinggroup.com\/?page_id=737"},"modified":"2022-02-21T15:17:14","modified_gmt":"2022-02-21T15:17:14","slug":"multi-modal-transportation","status":"publish","type":"page","link":"https:\/\/blueshippinggroup.com\/tr\/services\/multi-modal-transportation\/","title":{"rendered":"Multi-Modal Ta\u015f\u0131mac\u0131l\u0131k"},"content":{"rendered":"<section class=\"l-section wpb_row us_custom_e43e0d68 height_medium with_img\"><div class=\"l-section-img\" style=\"background-image: url(https:\/\/blueshippinggroup.com\/tr\/wp-content\/uploads\/sites\/3\/2022\/02\/bsl-2-1.jpg);background-repeat: no-repeat;\" data-img-width=\"1536\" data-img-height=\"1023\"><\/div><div class=\"l-section-overlay\" style=\"background:rgba(26,26,26,0.60)\"><\/div><div class=\"l-section-h i-cf\"><div class=\"g-cols vc_row via_grid cols_1 laptops-cols_inherit tablets-cols_inherit mobiles-cols_1 valign_top type_default\"><div class=\"wpb_column vc_column_container\"><div class=\"vc_column-inner\"><div class=\"w-hwrapper align_center valign_middle\"><h2 class=\"w-text us_custom_43d52c0d has_text_color\"><span class=\"w-text-h\"><span class=\"w-text-value\">Multi-Modal Ta\u015f\u0131mac\u0131l\u0131k<\/span><\/span><\/h2><\/div><\/div><\/div><\/div><\/div><\/section><section class=\"l-section wpb_row height_auto\" id=\"content\"><div class=\"l-section-h i-cf\"><div class=\"g-cols vc_row via_grid cols_1 laptops-cols_inherit tablets-cols_inherit mobiles-cols_1 valign_top type_default\"><div class=\"wpb_column vc_column_container\"><div class=\"vc_column-inner\"><div class=\"w-separator size_medium\"><\/div><div class=\"wpb_text_column\"><div class=\"wpb_wrapper\"><p style=\"text-align: center\"><strong>\u201cH\u0131zl\u0131 ve \u00e7evreci ula\u015f\u0131m\u201d<\/strong><\/p>\n<p>Size \u00f6zel \u00e7\u00f6z\u00fcmlerle #ithalat ve #ihracat y\u00fcklerini ihtiya\u00e7lar do\u011frultusunda farkl\u0131 ta\u015f\u0131ma modlar\u0131n\u0131 en uygun \u015fekilde kombine ederek ta\u015f\u0131yoruz\u2026 Anahtar teslim proje y\u00f6netimlerimizle multi-modal ta\u015f\u0131ma hizmetlerini eksiksiz olarak yerine getiriyoruz.<\/p>\n<p>Blue Shipping Turkey Lojistik olarak, sekt\u00f6r\u00fcn t\u00fcm enstr\u00fcmanlar\u0131n\u0131, siz de\u011ferli m\u00fc\u015fterilerimiz i\u00e7in en ekonomik ve en sorunsuz olacak \u015fekilde koordine etmekteyiz. Karayolu ta\u015f\u0131mac\u0131l\u0131\u011f\u0131n\u0131n yan\u0131 s\u0131ra, denizyolu, demiryolu ve havayolu ta\u015f\u0131mac\u0131l\u0131\u011f\u0131 servisleriyle gidilecek lokasyona en uygun ula\u015f\u0131m plan\u0131n\u0131 organize ediyoruz. Her ta\u015f\u0131ma modunun kendisine g\u00f6re avantaj ve dezavantajlar\u0131n\u0131 g\u00f6z \u00f6n\u00fcnde bulundurarak, sonu\u00e7 odakl\u0131 proje y\u00f6netimi anlay\u0131\u015f\u0131m\u0131zla avantajlar\u0131 maksimum, dezavantajlar\u0131 minimum seviyede tutarak, m\u00fc\u015fterilerimize en optimum \u00e7\u00f6z\u00fcmleri sunuyoruz.<\/p>\n<p>Uzman ekibimiz size en uygun \u00e7\u00f6z\u00fcmlerle h\u0131z ve servis kalitesi bak\u0131m\u0131ndan kusursuz ta\u015f\u0131ma projesini olu\u015fturacakt\u0131r. Size \u00f6zel ta\u015f\u0131ma se\u00e7eneklerimizi i\u00e7in bizimle ileti\u015fime ge\u00e7meniz yeterlidir.<\/p>\n<\/div><\/div><div class=\"w-separator size_large\"><\/div><\/div><\/div><\/div><\/div><\/section>\n","protected":false},"excerpt":{"rendered":"Multi-Modal Ta\u015f\u0131mac\u0131l\u0131k\u201cH\u0131zl\u0131 ve \u00e7evreci ula\u015f\u0131m\u201d Size \u00f6zel \u00e7\u00f6z\u00fcmlerle #ithalat ve #ihracat y\u00fcklerini ihtiya\u00e7lar do\u011frultusunda farkl\u0131 ta\u015f\u0131ma modlar\u0131n\u0131 en uygun \u015fekilde kombine ederek ta\u015f\u0131yoruz\u2026 Anahtar teslim proje y\u00f6netimlerimizle multi-modal ta\u015f\u0131ma hizmetlerini eksiksiz olarak yerine getiriyoruz. Blue Shipping Turkey Lojistik olarak, sekt\u00f6r\u00fcn t\u00fcm enstr\u00fcmanlar\u0131n\u0131, siz de\u011ferli m\u00fc\u015fterilerimiz i\u00e7in en ekonomik ve en sorunsuz olacak \u015fekilde koordine etmekteyiz....","protected":false},"author":2,"featured_media":0,"parent":742,"menu_order":0,"comment_status":"closed","ping_status":"closed","template":"","meta":[],"_links":{"self":[{"href":"https:\/\/blueshippinggroup.com\/tr\/wp-json\/wp\/v2\/pages\/737"}],"collection":[{"href":"https:\/\/blueshippinggroup.com\/tr\/wp-json\/wp\/v2\/pages"}],"about":[{"href":"https:\/\/blueshippinggroup.com\/tr\/wp-json\/wp\/v2\/types\/page"}],"author":[{"embeddable":true,"href":"https:\/\/blueshippinggroup.com\/tr\/wp-json\/wp\/v2\/users\/2"}],"replies":[{"embeddable":true,"href":"https:\/\/blueshippinggroup.com\/tr\/wp-json\/wp\/v2\/comments?post=737"}],"version-history":[{"count":0,"href":"https:\/\/blueshippinggroup.com\/tr\/wp-json\/wp\/v2\/pages\/737\/revisions"}],"up":[{"embeddable":true,"href":"https:\/\/blueshippinggroup.com\/tr\/wp-json\/wp\/v2\/pages\/742"}],"wp:attachment":[{"href":"https:\/\/blueshippinggroup.com\/tr\/wp-json\/wp\/v2\/media?parent=737"}],"curies":[{"name":"wp","href":"https:\/\/api.w.org\/{rel}","templated":true}]}}