{"id":732,"date":"2022-02-21T15:13:10","date_gmt":"2022-02-21T15:13:10","guid":{"rendered":"https:\/\/tr.blueshippinggroup.com\/?page_id=732"},"modified":"2022-02-21T15:13:10","modified_gmt":"2022-02-21T15:13:10","slug":"airline-transportation","status":"publish","type":"page","link":"https:\/\/blueshippinggroup.com\/tr\/services\/airline-transportation\/","title":{"rendered":"Havayolu Ta\u015f\u0131mac\u0131l\u0131\u011f\u0131"},"content":{"rendered":"<section class=\"l-section wpb_row us_custom_e43e0d68 height_medium with_img\"><div class=\"l-section-img\" style=\"background-image: url(https:\/\/blueshippinggroup.com\/tr\/wp-content\/uploads\/sites\/3\/2022\/02\/bsl-4-1.jpg);\" data-img-width=\"1920\" data-img-height=\"1080\"><\/div><div class=\"l-section-overlay\" style=\"background:rgba(26,26,26,0.60)\"><\/div><div class=\"l-section-h i-cf\"><div class=\"g-cols vc_row via_grid cols_1 laptops-cols_inherit tablets-cols_inherit mobiles-cols_1 valign_top type_default\"><div class=\"wpb_column vc_column_container\"><div class=\"vc_column-inner\"><div class=\"w-hwrapper align_center valign_middle\"><h2 class=\"w-text us_custom_43d52c0d has_text_color\"><span class=\"w-text-h\"><span class=\"w-text-value\">Havayolu Ta\u015f\u0131mac\u0131l\u0131\u011f\u0131<\/span><\/span><\/h2><\/div><\/div><\/div><\/div><\/div><\/section><section class=\"l-section wpb_row height_auto\" id=\"content\"><div class=\"l-section-h i-cf\"><div class=\"g-cols vc_row via_grid cols_1 laptops-cols_inherit tablets-cols_inherit mobiles-cols_1 valign_top type_default\"><div class=\"wpb_column vc_column_container\"><div class=\"vc_column-inner\"><div class=\"w-separator size_medium\"><\/div><div class=\"wpb_text_column\"><div class=\"wpb_wrapper\"><p style=\"text-align: center\"><strong>\u201cD\u00fcnyan\u0131n her yerine u\u00e7uyoruz\u201d\u2026<\/strong><\/p>\n<p>H\u0131z ve zaman kazand\u0131ran havayolu ta\u015f\u0131mac\u0131l\u0131\u011f\u0131 hizmetimiz kapsam\u0131nda, t\u00fcm d\u00fcnya \u00fclkelerine g\u00fcvenle ve size \u00f6zel \u00e7\u00f6z\u00fcmlerle ihracat ve ithalat hizmeti veriyoruz.<\/p>\n<p>Havayolu ta\u015f\u0131mac\u0131l\u0131\u011f\u0131, orta ve uzun mesafeler i\u00e7in daha uygun bir ta\u015f\u0131ma y\u00f6ntemi olmakla beraber \u00f6zellikle de\u011ferli malzemelerin, yedek par\u00e7a, kitap, ila\u00e7, ya\u015f meyve ve sebze, \u00e7i\u00e7ek gibi \u00e7abuk bozulabilen g\u0131da \u00fcr\u00fcnlerinin ta\u015f\u0131nmas\u0131nda tercih edilmektedir.\u00a0Havayolu ta\u015f\u0131mac\u0131l\u0131\u011f\u0131n\u0131n ba\u015fl\u0131ca avantaj\u0131 bu ta\u015f\u0131ma y\u00f6ntemi ile ihracat \u00fcr\u00fcnlerinin s\u00fcratli bir bi\u00e7imde teslimat\u0131n\u0131n m\u00fcmk\u00fcn olmas\u0131d\u0131r. Ayr\u0131ca havayolu ta\u015f\u0131mac\u0131l\u0131\u011f\u0131 di\u011fer ta\u015f\u0131ma y\u00f6ntemleri ile beraber kombine edilerek m\u00fc\u015fterilerin depolar\u0131na kadar \u00fcr\u00fcnlerin teslim edilebilme olana\u011f\u0131 do\u011fmaktad\u0131r. Havayolu ta\u015f\u0131mac\u0131l\u0131\u011f\u0131n\u0131n bir di\u011fer \u00f6nemli avantaj\u0131 ise g\u00fcvenli bir ta\u015f\u0131ma y\u00f6ntemi olmas\u0131d\u0131r.<\/p>\n<p>&nbsp;<\/p>\n<p><em><strong>Havayolu Servislerimiz<\/strong><\/em><\/p>\n<ul>\n<li>Tarifeli Servisler<\/li>\n<li>\u00d6ncelikli U\u00e7u\u015f \u0130mkanlar\u0131<\/li>\n<li>\u00d6n\/Son Ta\u015f\u0131ma Organizasyonlar\u0131<\/li>\n<li>Antrepo ve Depolama \u00c7\u00f6z\u00fcmleri<\/li>\n<li>Yurti\u00e7i \/ Yurtd\u0131\u015f\u0131 G\u00fcmr\u00fckleme ve Sigorta i\u015flemleri<\/li>\n<li>Kombine Hava &amp; Deniz \/ Kara\/ Demiryolu Ta\u015f\u0131mac\u0131l\u0131\u011f\u0131<\/li>\n<\/ul>\n<p>&nbsp;<\/p>\n<p>Uzman ekibimiz size en uygun \u00e7\u00f6z\u00fcmlerle h\u0131z ve servis kalitesi bak\u0131m\u0131ndan kusursuz ta\u015f\u0131ma projesini olu\u015fturacakt\u0131r. Size \u00f6zel ta\u015f\u0131ma se\u00e7eneklerimizi i\u00e7in bizimle ileti\u015fime ge\u00e7meniz yeterlidir.<\/p>\n<\/div><\/div><div class=\"w-separator size_large\"><\/div><\/div><\/div><\/div><\/div><\/section>\n","protected":false},"excerpt":{"rendered":"Havayolu Ta\u015f\u0131mac\u0131l\u0131\u011f\u0131\u201cD\u00fcnyan\u0131n her yerine u\u00e7uyoruz\u201d\u2026 H\u0131z ve zaman kazand\u0131ran havayolu ta\u015f\u0131mac\u0131l\u0131\u011f\u0131 hizmetimiz kapsam\u0131nda, t\u00fcm d\u00fcnya \u00fclkelerine g\u00fcvenle ve size \u00f6zel \u00e7\u00f6z\u00fcmlerle ihracat ve ithalat hizmeti veriyoruz. Havayolu ta\u015f\u0131mac\u0131l\u0131\u011f\u0131, orta ve uzun mesafeler i\u00e7in daha uygun bir ta\u015f\u0131ma y\u00f6ntemi olmakla beraber \u00f6zellikle de\u011ferli malzemelerin, yedek par\u00e7a, kitap, ila\u00e7, ya\u015f meyve ve sebze, \u00e7i\u00e7ek gibi \u00e7abuk bozulabilen...","protected":false},"author":2,"featured_media":0,"parent":742,"menu_order":0,"comment_status":"closed","ping_status":"closed","template":"","meta":[],"_links":{"self":[{"href":"https:\/\/blueshippinggroup.com\/tr\/wp-json\/wp\/v2\/pages\/732"}],"collection":[{"href":"https:\/\/blueshippinggroup.com\/tr\/wp-json\/wp\/v2\/pages"}],"about":[{"href":"https:\/\/blueshippinggroup.com\/tr\/wp-json\/wp\/v2\/types\/page"}],"author":[{"embeddable":true,"href":"https:\/\/blueshippinggroup.com\/tr\/wp-json\/wp\/v2\/users\/2"}],"replies":[{"embeddable":true,"href":"https:\/\/blueshippinggroup.com\/tr\/wp-json\/wp\/v2\/comments?post=732"}],"version-history":[{"count":0,"href":"https:\/\/blueshippinggroup.com\/tr\/wp-json\/wp\/v2\/pages\/732\/revisions"}],"up":[{"embeddable":true,"href":"https:\/\/blueshippinggroup.com\/tr\/wp-json\/wp\/v2\/pages\/742"}],"wp:attachment":[{"href":"https:\/\/blueshippinggroup.com\/tr\/wp-json\/wp\/v2\/media?parent=732"}],"curies":[{"name":"wp","href":"https:\/\/api.w.org\/{rel}","templated":true}]}}