{"id":731,"date":"2022-02-21T15:08:29","date_gmt":"2022-02-21T15:08:29","guid":{"rendered":"https:\/\/tr.blueshippinggroup.com\/?page_id=731"},"modified":"2022-02-21T15:08:29","modified_gmt":"2022-02-21T15:08:29","slug":"marine-transportation","status":"publish","type":"page","link":"https:\/\/blueshippinggroup.com\/tr\/services\/marine-transportation\/","title":{"rendered":"Denizyolu Tas\u0131mac\u0131l\u0131g\u0131"},"content":{"rendered":"<section class=\"l-section wpb_row us_custom_e43e0d68 height_medium with_img\"><div class=\"l-section-img\" style=\"background-image: url(https:\/\/blueshippinggroup.com\/tr\/wp-content\/uploads\/sites\/3\/2022\/02\/bsl-5-1.jpg);\" data-img-width=\"1920\" data-img-height=\"939\"><\/div><div class=\"l-section-overlay\" style=\"background:rgba(26,26,26,0.60)\"><\/div><div class=\"l-section-h i-cf\"><div class=\"g-cols vc_row via_grid cols_1 laptops-cols_inherit tablets-cols_inherit mobiles-cols_1 valign_top type_default\"><div class=\"wpb_column vc_column_container\"><div class=\"vc_column-inner\"><div class=\"w-hwrapper align_center valign_middle\"><h2 class=\"w-text us_custom_43d52c0d has_text_color\"><span class=\"w-text-h\"><span class=\"w-text-value\">Denizyolu Tas\u0131mac\u0131l\u0131g\u0131<\/span><\/span><\/h2><\/div><\/div><\/div><\/div><\/div><\/section><section class=\"l-section wpb_row height_auto\" id=\"content\"><div class=\"l-section-h i-cf\"><div class=\"g-cols vc_row via_grid cols_1 laptops-cols_inherit tablets-cols_inherit mobiles-cols_1 valign_top type_default\"><div class=\"wpb_column vc_column_container\"><div class=\"vc_column-inner\"><div class=\"w-separator size_medium\"><\/div><div class=\"wpb_text_column\"><div class=\"wpb_wrapper\"><p style=\"text-align: center\"><strong>\u201cD\u00fcnyada ula\u015famayaca\u011f\u0131m\u0131z liman yok\u201d..<\/strong><\/p>\n<p>&nbsp;<\/p>\n<p>Blue Shipping Turkey Lojistik olarak, geni\u015f acente &amp; network a\u011f\u0131m\u0131z sayesinde, t\u00fcm d\u00fcnyada y\u00fck\u00fcn\u00fcz\u00fcn \u00f6zelliklerine ve ihtiyac\u0131n\u0131za g\u00f6re standart konteyner ta\u015f\u0131mac\u0131l\u0131\u011f\u0131 hizmetinin yan\u0131s\u0131ra, \u00f6zel ekipmanlarla da (Flatrack, Opentop, Reefer) limandan limana veya kap\u0131dan kap\u0131ya hizmet sa\u011flamaktay\u0131z.<\/p>\n<p>D\u00fcnya ticaretinin b\u00fcy\u00fck bir k\u0131sm\u0131n\u0131n ger\u00e7ekle\u015fti\u011fi denizyolu ta\u015f\u0131mac\u0131l\u0131\u011f\u0131nda sahip oldu\u011fu geni\u015f acente a\u011f\u0131 ile komple (FCL), parsiyel (LCL) y\u00fck\u00fcn\u00fcz\u00fc; standart, open top, refeer, flatrack, high cube ve tank konteyner vb. ta\u015f\u0131ma sistemleri ile istedi\u011finiz herhangi bir yere, en ekonomik, en h\u0131zl\u0131, en kolay \u015fekilde ula\u015ft\u0131r\u0131yoruz..<\/p>\n<p>Blue Shipping Turkey Lojistik olarak d\u00fcnya konteyner ta\u015f\u0131mac\u0131l\u0131\u011f\u0131nda s\u00f6z sahibi hatlarla ve d\u00fcnyan\u0131n \u00f6nde gelen ve konular\u0131nda uzman acenteleri ile i\u015fbirli\u011fi i\u00e7erisindeyiz. Bu i\u015fbirli\u011finin getirmi\u015f oldu\u011fu avantajlar ve operasyon s\u00fcrecindeki profesyonelli\u011fimiz ile size \u00f6zel, en uygun ve en g\u00fcvenilir \u00e7\u00f6z\u00fcmleri sunabilmek i\u00e7in \u00e7al\u0131\u015fmaktay\u0131z. Denizyolu ta\u015f\u0131mac\u0131l\u0131\u011f\u0131 3 noktada di\u011fer ta\u015f\u0131ma modlar\u0131na g\u00f6re avantaj sa\u011flamaktad\u0131r. Uygun maliyet,<\/p>\n<p>B\u00fcy\u00fck miktarda \u00fcr\u00fcn ta\u015f\u0131yabilme olana\u011f\u0131 ve G\u00fcvenli ta\u015f\u0131ma imkan\u0131d\u0131r.<\/p>\n<p style=\"text-align: center\"><strong>Denizyolu Servislerimiz;<\/strong><\/p>\n<p style=\"text-align: center\">\u0130hracat ve Ithalat, FCL ve LCL Container ta\u015f\u0131malar\u0131<\/p>\n<p style=\"text-align: center\">D\u00fczenli ve Haftal\u0131k Seferler<\/p>\n<p style=\"text-align: center\">\u00d6n\/Son Ta\u015f\u0131ma Organizasyonlar\u0131<\/p>\n<p style=\"text-align: center\">Antrepo ve Depolama \u00e7\u00f6z\u00fcmleri<\/p>\n<p style=\"text-align: center\">Yurti\u00e7i \/ Yurtd\u0131\u015f\u0131 G\u00fcmr\u00fckleme ve Sigorta i\u015flemleri<\/p>\n<p style=\"text-align: center\">Kombine Deniz &amp; Hava \/ Kara \/ Tren Ta\u015f\u0131mac\u0131l\u0131\u011f\u0131<\/p>\n<p style=\"text-align: center\"><em><strong>Konteyner \u00c7e\u015fitleri ve Flexi Tank<\/strong><\/em><\/p>\n<p style=\"text-align: center\">20\u2032 Konteyner<\/p>\n<p style=\"text-align: center\">40\u2032 Konteyner<\/p>\n<p style=\"text-align: center\">40\u2032 High Cube Konteyner<\/p>\n<p style=\"text-align: center\">20\u2032 Open Top Konteyner<\/p>\n<p style=\"text-align: center\">40\u2032 Open Top Konteyner<\/p>\n<p style=\"text-align: center\">20\u2032 Flat Rack Konteyner<\/p>\n<p style=\"text-align: center\">40\u2032 Flat Rack Konteyner<\/p>\n<p style=\"text-align: center\">20\u2032 Reefer Konteyner<\/p>\n<p style=\"text-align: center\">ISO Tank<\/p>\n<p style=\"text-align: center\">Flexi Tank<\/p>\n<p style=\"text-align: center\">Di\u011fer Konteyner \u00c7e\u015fitleri<\/p>\n<p>&nbsp;<\/p>\n<p>Uzman ekibimiz size en uygun \u00e7\u00f6z\u00fcmlerle h\u0131z ve servis kalitesi bak\u0131m\u0131ndan kusursuz ta\u015f\u0131ma projesini olu\u015fturacakt\u0131r. Size \u00f6zel ta\u015f\u0131ma se\u00e7eneklerimizi i\u00e7in bizimle ileti\u015fime ge\u00e7meniz yeterlidir.<\/p>\n<\/div><\/div><div class=\"w-separator size_large\"><\/div><\/div><\/div><\/div><\/div><\/section>\n","protected":false},"excerpt":{"rendered":"Denizyolu Tas\u0131mac\u0131l\u0131g\u0131\u201cD\u00fcnyada ula\u015famayaca\u011f\u0131m\u0131z liman yok\u201d.. &nbsp; Blue Shipping Turkey Lojistik olarak, geni\u015f acente &amp; network a\u011f\u0131m\u0131z sayesinde, t\u00fcm d\u00fcnyada y\u00fck\u00fcn\u00fcz\u00fcn \u00f6zelliklerine ve ihtiyac\u0131n\u0131za g\u00f6re standart konteyner ta\u015f\u0131mac\u0131l\u0131\u011f\u0131 hizmetinin yan\u0131s\u0131ra, \u00f6zel ekipmanlarla da (Flatrack, Opentop, Reefer) limandan limana veya kap\u0131dan kap\u0131ya hizmet sa\u011flamaktay\u0131z. D\u00fcnya ticaretinin b\u00fcy\u00fck bir k\u0131sm\u0131n\u0131n ger\u00e7ekle\u015fti\u011fi denizyolu ta\u015f\u0131mac\u0131l\u0131\u011f\u0131nda sahip oldu\u011fu geni\u015f acente a\u011f\u0131...","protected":false},"author":2,"featured_media":0,"parent":742,"menu_order":0,"comment_status":"closed","ping_status":"closed","template":"","meta":[],"_links":{"self":[{"href":"https:\/\/blueshippinggroup.com\/tr\/wp-json\/wp\/v2\/pages\/731"}],"collection":[{"href":"https:\/\/blueshippinggroup.com\/tr\/wp-json\/wp\/v2\/pages"}],"about":[{"href":"https:\/\/blueshippinggroup.com\/tr\/wp-json\/wp\/v2\/types\/page"}],"author":[{"embeddable":true,"href":"https:\/\/blueshippinggroup.com\/tr\/wp-json\/wp\/v2\/users\/2"}],"replies":[{"embeddable":true,"href":"https:\/\/blueshippinggroup.com\/tr\/wp-json\/wp\/v2\/comments?post=731"}],"version-history":[{"count":0,"href":"https:\/\/blueshippinggroup.com\/tr\/wp-json\/wp\/v2\/pages\/731\/revisions"}],"up":[{"embeddable":true,"href":"https:\/\/blueshippinggroup.com\/tr\/wp-json\/wp\/v2\/pages\/742"}],"wp:attachment":[{"href":"https:\/\/blueshippinggroup.com\/tr\/wp-json\/wp\/v2\/media?parent=731"}],"curies":[{"name":"wp","href":"https:\/\/api.w.org\/{rel}","templated":true}]}}