{"id":729,"date":"2022-02-21T15:05:36","date_gmt":"2022-02-21T15:05:36","guid":{"rendered":"https:\/\/tr.blueshippinggroup.com\/?page_id=729"},"modified":"2022-02-21T15:05:36","modified_gmt":"2022-02-21T15:05:36","slug":"railway-transportation","status":"publish","type":"page","link":"https:\/\/blueshippinggroup.com\/tr\/services\/railway-transportation\/","title":{"rendered":"Demiryolu Ta\u015f\u0131mac\u0131l\u0131\u011f\u0131"},"content":{"rendered":"<section class=\"l-section wpb_row us_custom_e43e0d68 height_medium with_img\"><div class=\"l-section-img\" style=\"background-image: url(https:\/\/blueshippinggroup.com\/tr\/wp-content\/uploads\/sites\/3\/2022\/02\/bsl-3-1.jpg);\" data-img-width=\"1200\" data-img-height=\"900\"><\/div><div class=\"l-section-overlay\" style=\"background:rgba(26,26,26,0.60)\"><\/div><div class=\"l-section-h i-cf\"><div class=\"g-cols vc_row via_grid cols_1 laptops-cols_inherit tablets-cols_inherit mobiles-cols_1 valign_top type_default\"><div class=\"wpb_column vc_column_container\"><div class=\"vc_column-inner\"><div class=\"w-hwrapper align_center valign_middle\"><h2 class=\"w-text us_custom_43d52c0d has_text_color\"><span class=\"w-text-h\"><span class=\"w-text-value\">Demiryolu Ta\u015f\u0131mac\u0131l\u0131\u011f\u0131<\/span><\/span><\/h2><\/div><\/div><\/div><\/div><\/div><\/section><section class=\"l-section wpb_row height_auto\" id=\"content\"><div class=\"l-section-h i-cf\"><div class=\"g-cols vc_row via_grid cols_1 laptops-cols_inherit tablets-cols_inherit mobiles-cols_1 valign_top type_default\"><div class=\"wpb_column vc_column_container\"><div class=\"vc_column-inner\"><div class=\"w-separator size_medium\"><\/div><div class=\"wpb_text_column\"><div class=\"wpb_wrapper\"><div class=\"w-separator size_small\"><\/div>\n<div class=\"wpb_text_column \">\n<div class=\"wpb_wrapper\">\n<p style=\"text-align: center\"><strong>\u201cDemiryolu bizim i\u015fimiz\u201d\u2026<\/strong><\/p>\n<p>Uzman kadromuz ve bu alandaki tecr\u00fcbemizle Avrupa ve t\u00fcm CIS co\u011frafyas\u0131nda m\u00fc\u015fterilerimize \u00e7evreci, inovatif ve maliyet avantajl\u0131 \u00a0g\u00fcvenli bir ta\u015f\u0131ma hizmeti sunuyoruz. Demiryolu ta\u015f\u0131mac\u0131l\u0131\u011f\u0131n\u0131n en \u00f6nemli avantaj\u0131 uygun ta\u015f\u0131ma maliyetleridir. Denizyolu ile ula\u015f\u0131m\u0131n m\u00fcmk\u00fcn olmad\u0131\u011f\u0131 karasal noktalara h\u0131zl\u0131 ve uygun fiyatla y\u00fcksek miktardaki \u00fcr\u00fcnlerin g\u00f6nderilmesi m\u00fcmk\u00fcn olmaktad\u0131r. Demiryolu ta\u015f\u0131mac\u0131l\u0131\u011f\u0131n\u0131n bir di\u011fer avantaj\u0131 ise \u00e7evreyi minimum d\u00fczeyde kirleten bir ta\u015f\u0131ma \u015fekli olmas\u0131d\u0131r.<\/p>\n<p>Demiryolu ta\u015f\u0131mac\u0131l\u0131\u011f\u0131 3 noktada di\u011fer ta\u015f\u0131ma modlar\u0131na g\u00f6re avantaj sa\u011flamaktad\u0131r. Uygun maliyet, \u00c7evreyi minumum d\u00fczeyde kirleten ta\u015f\u0131ma \u015fekli, B\u00fcy\u00fck miktarda \u00fcr\u00fcn\u00fcn g\u00fcvenli ta\u015f\u0131nabilmesidir\u2026<\/p>\n<p>&nbsp;<\/p>\n<p><strong><em>Demiryolu Ta\u015f\u0131mac\u0131l\u0131\u011f\u0131n\u0131n Faydalar\u0131<\/em><\/strong><\/p>\n<p>\u00c7evreye duyarl\u0131 bir ta\u015f\u0131mac\u0131l\u0131k t\u00fcr\u00fcd\u00fcr.<\/p>\n<p>Di\u011fer ta\u015f\u0131ma t\u00fcrlerine g\u00f6re daha g\u00fcvenlidir.<\/p>\n<p>Kara yolu trafik y\u00fck\u00fcn\u00fc hafifletir.<\/p>\n<p>Genelde di\u011fer ta\u015f\u0131ma alternatiflerinin aksine uzun d\u00f6nem sabit fiyat garantisi vard\u0131r.<\/p>\n<p>Uluslararas\u0131 ge\u00e7i\u015flerde kara yolunda ge\u00e7i\u015f s\u0131n\u0131rlamalar\u0131 bulunurken transit \u00fclkelerin tercih etti\u011fi bir ta\u015f\u0131ma t\u00fcr\u00fc olmas\u0131ndan dolay\u0131 ge\u00e7i\u015f \u00fcst\u00fcnl\u00fc\u011f\u00fc verilmektedir.<\/p>\n<p>Transit s\u00fcreleri kara yoluna g\u00f6re biraz daha fazla olmas\u0131na ra\u011fmen sefer s\u00fcreleri sabit durumdad\u0131r. A\u011f\u0131r tonajl\u0131 ve havaleli y\u00fckler i\u00e7in \u00e7ok uygun bir ta\u015f\u0131ma t\u00fcr\u00fcd\u00fcr.<\/p>\n<p><strong><em>Demiryolu Servislerimiz<\/em><\/strong><\/p>\n<p>Asya, Avrupa, Rusya ve Orta Do\u011fu \u00fclkeleri ile T\u00fcrkiye aras\u0131ndaki koridorda demiryolu ta\u015f\u0131mac\u0131l\u0131\u011f\u0131 \u00e7\u00f6z\u00fcmleri<\/p>\n<p>Blok trenle servis imkan\u0131<\/p>\n<p>Tarifeli kalk\u0131\u015flar<\/p>\n<p>G\u00fcvenilir teslimat s\u00fcreleri<\/p>\n<p>Demiryolu + TIR kombine ta\u015f\u0131mac\u0131l\u0131k \u00e7\u00f6z\u00fcmleri<\/p>\n<p>Demiryolu + Deniz yolu kombine ta\u015f\u0131mac\u0131l\u0131k<\/p>\n<p>Yurt i\u00e7inde demiryolu ba\u011flant\u0131l\u0131 liman \u2013 fabrika ta\u015f\u0131malar\u0131<\/p>\n<p>Kara ve denizyolu ile entegre, multi-modal hizmetler<\/p>\n<p>Uzman ekibimiz size en uygun \u00e7\u00f6z\u00fcmlerle h\u0131z ve servis kalitesi bak\u0131m\u0131ndan kusursuz ta\u015f\u0131ma projesini olu\u015fturacakt\u0131r.\u00a0Size \u00f6zel ta\u015f\u0131ma se\u00e7eneklerimizi i\u00e7in bizimle ileti\u015fime ge\u00e7meniz yeterlidir.<\/p>\n<\/div>\n<\/div>\n<\/div><\/div><div class=\"w-separator size_large\"><\/div><\/div><\/div><\/div><\/div><\/section>\n","protected":false},"excerpt":{"rendered":"Demiryolu Ta\u015f\u0131mac\u0131l\u0131\u011f\u0131 \u201cDemiryolu bizim i\u015fimiz\u201d\u2026 Uzman kadromuz ve bu alandaki tecr\u00fcbemizle Avrupa ve t\u00fcm CIS co\u011frafyas\u0131nda m\u00fc\u015fterilerimize \u00e7evreci, inovatif ve maliyet avantajl\u0131 \u00a0g\u00fcvenli bir ta\u015f\u0131ma hizmeti sunuyoruz. Demiryolu ta\u015f\u0131mac\u0131l\u0131\u011f\u0131n\u0131n en \u00f6nemli avantaj\u0131 uygun ta\u015f\u0131ma maliyetleridir. Denizyolu ile ula\u015f\u0131m\u0131n m\u00fcmk\u00fcn olmad\u0131\u011f\u0131 karasal noktalara h\u0131zl\u0131 ve uygun fiyatla y\u00fcksek miktardaki \u00fcr\u00fcnlerin g\u00f6nderilmesi m\u00fcmk\u00fcn olmaktad\u0131r. Demiryolu ta\u015f\u0131mac\u0131l\u0131\u011f\u0131n\u0131n bir...","protected":false},"author":2,"featured_media":0,"parent":742,"menu_order":0,"comment_status":"closed","ping_status":"closed","template":"","meta":[],"_links":{"self":[{"href":"https:\/\/blueshippinggroup.com\/tr\/wp-json\/wp\/v2\/pages\/729"}],"collection":[{"href":"https:\/\/blueshippinggroup.com\/tr\/wp-json\/wp\/v2\/pages"}],"about":[{"href":"https:\/\/blueshippinggroup.com\/tr\/wp-json\/wp\/v2\/types\/page"}],"author":[{"embeddable":true,"href":"https:\/\/blueshippinggroup.com\/tr\/wp-json\/wp\/v2\/users\/2"}],"replies":[{"embeddable":true,"href":"https:\/\/blueshippinggroup.com\/tr\/wp-json\/wp\/v2\/comments?post=729"}],"version-history":[{"count":0,"href":"https:\/\/blueshippinggroup.com\/tr\/wp-json\/wp\/v2\/pages\/729\/revisions"}],"up":[{"embeddable":true,"href":"https:\/\/blueshippinggroup.com\/tr\/wp-json\/wp\/v2\/pages\/742"}],"wp:attachment":[{"href":"https:\/\/blueshippinggroup.com\/tr\/wp-json\/wp\/v2\/media?parent=729"}],"curies":[{"name":"wp","href":"https:\/\/api.w.org\/{rel}","templated":true}]}}