{"id":718,"date":"2022-02-21T14:51:24","date_gmt":"2022-02-21T14:51:24","guid":{"rendered":"https:\/\/tr.blueshippinggroup.com\/?page_id=718"},"modified":"2022-02-21T14:51:24","modified_gmt":"2022-02-21T14:51:24","slug":"road-transportation","status":"publish","type":"page","link":"https:\/\/blueshippinggroup.com\/tr\/services\/road-transportation\/","title":{"rendered":"Karayolu Ta\u015f\u0131mac\u0131l\u0131\u011f\u0131"},"content":{"rendered":"<section class=\"l-section wpb_row us_custom_e43e0d68 height_medium with_img\"><div class=\"l-section-img\" style=\"background-image: url(https:\/\/blueshippinggroup.com\/tr\/wp-content\/uploads\/sites\/3\/2022\/02\/bsl-6-1.jpg);\" data-img-width=\"1024\" data-img-height=\"640\"><\/div><div class=\"l-section-overlay\" style=\"background:rgba(26,26,26,0.60)\"><\/div><div class=\"l-section-h i-cf\"><div class=\"g-cols vc_row via_grid cols_1 laptops-cols_inherit tablets-cols_inherit mobiles-cols_1 valign_top type_default\"><div class=\"wpb_column vc_column_container\"><div class=\"vc_column-inner\"><div class=\"w-hwrapper align_center valign_middle\"><h2 class=\"w-text us_custom_43d52c0d has_text_color\"><span class=\"w-text-h\"><span class=\"w-text-value\">Karayolu Ta\u015f\u0131mac\u0131l\u0131\u011f\u0131<\/span><\/span><\/h2><\/div><\/div><\/div><\/div><\/div><\/section><section class=\"l-section wpb_row height_auto\" id=\"content\"><div class=\"l-section-h i-cf\"><div class=\"g-cols vc_row via_grid cols_1 laptops-cols_inherit tablets-cols_inherit mobiles-cols_1 valign_top type_default\"><div class=\"wpb_column vc_column_container\"><div class=\"vc_column-inner\"><div class=\"w-separator size_medium\"><\/div><div class=\"wpb_text_column\"><div class=\"wpb_wrapper\"><p style=\"text-align: center\"><strong>\u201cZaman\u0131nda\u2026 G\u00fcvenli\u2026 \u00c7evre Dostu\u201d\u2026<\/strong><\/p>\n<p>Avrupa, Orta Asya ve Ortado\u011fu\u2019nun her noktas\u0131na ula\u015fan g\u00fc\u00e7l\u00fc\u0308 acente ve global network a\u011f\u0131m\u0131z, m\u00fc\u015fteri memnuniyetini benimseyen uzman ekibimiz ve m\u00fc\u015fteri odakl\u0131 \u00e7\u00f6z\u00fcmlerimiz ile h\u0131z ve servis kalitesi bak\u0131m\u0131ndan kusursuz bir karayolu ta\u015f\u0131mac\u0131l\u0131\u011f\u0131 hizmeti sunuyoruz.<\/p>\n<p><strong>Blue Shipping Turkey Lojistik<\/strong> olarak m\u00fc\u015fterilerinin y\u00fck\u00fcn\u00fc hafifletmek i\u00e7in istenildi\u011fi takdirde \u00f6zel ekipmanlar ve deneyimli personel ile kalite kontrol hizmeti veriyoruz. Karayolu ta\u015f\u0131mac\u0131l\u0131\u011f\u0131 3 noktada di\u011fer ta\u015f\u0131ma modlar\u0131na g\u00f6re avantaj sa\u011flamaktad\u0131r. H\u0131zl\u0131 ta\u015f\u0131ma olana\u011f\u0131, M\u00fc\u015fterinin deposuna kadar kolayca teslimat yapabilme ve G\u00fcvenli ta\u015f\u0131ma imkan\u0131d\u0131r.<\/p>\n<p><em><strong>Karayolu Ta\u015f\u0131mac\u0131l\u0131\u011f\u0131 \u00c7\u00f6z\u00fcmlerimiz<\/strong><\/em><\/p>\n<p>Parsiyel ve komple seferler<\/p>\n<p>G\u00fcvenli ve zaman\u0131nda teslimat<\/p>\n<p>Asya ve Avrupa\u2019ya d\u00fczenli parsiyel ve komple sevkiyat<\/p>\n<p>Deneyimli ve uzman ekip<\/p>\n<p>Geli\u015fmi\u015f teknoloji ile hizmet b\u00fct\u00fcnl\u00fc\u011f\u00fc<\/p>\n<p>&nbsp;<\/p>\n<p>Uzman ekibimiz size en uygun \u00e7\u00f6z\u00fcmlerle h\u0131z ve servis kalitesi bak\u0131m\u0131ndan kusursuz ta\u015f\u0131ma projesini olu\u015fturacakt\u0131r.\u00a0Size \u00f6zel ta\u015f\u0131ma se\u00e7eneklerimizi i\u00e7in bizimle ileti\u015fime ge\u00e7meniz yeterlidir.<\/p>\n<\/div><\/div><div class=\"w-separator size_large\"><\/div><\/div><\/div><\/div><\/div><\/section>\n","protected":false},"excerpt":{"rendered":"Karayolu Ta\u015f\u0131mac\u0131l\u0131\u011f\u0131\u201cZaman\u0131nda\u2026 G\u00fcvenli\u2026 \u00c7evre Dostu\u201d\u2026 Avrupa, Orta Asya ve Ortado\u011fu\u2019nun her noktas\u0131na ula\u015fan g\u00fc\u00e7l\u00fc\u0308 acente ve global network a\u011f\u0131m\u0131z, m\u00fc\u015fteri memnuniyetini benimseyen uzman ekibimiz ve m\u00fc\u015fteri odakl\u0131 \u00e7\u00f6z\u00fcmlerimiz ile h\u0131z ve servis kalitesi bak\u0131m\u0131ndan kusursuz bir karayolu ta\u015f\u0131mac\u0131l\u0131\u011f\u0131 hizmeti sunuyoruz. Blue Shipping Turkey Lojistik olarak m\u00fc\u015fterilerinin y\u00fck\u00fcn\u00fc hafifletmek i\u00e7in istenildi\u011fi takdirde \u00f6zel ekipmanlar ve deneyimli...","protected":false},"author":2,"featured_media":0,"parent":742,"menu_order":0,"comment_status":"closed","ping_status":"closed","template":"","meta":[],"_links":{"self":[{"href":"https:\/\/blueshippinggroup.com\/tr\/wp-json\/wp\/v2\/pages\/718"}],"collection":[{"href":"https:\/\/blueshippinggroup.com\/tr\/wp-json\/wp\/v2\/pages"}],"about":[{"href":"https:\/\/blueshippinggroup.com\/tr\/wp-json\/wp\/v2\/types\/page"}],"author":[{"embeddable":true,"href":"https:\/\/blueshippinggroup.com\/tr\/wp-json\/wp\/v2\/users\/2"}],"replies":[{"embeddable":true,"href":"https:\/\/blueshippinggroup.com\/tr\/wp-json\/wp\/v2\/comments?post=718"}],"version-history":[{"count":0,"href":"https:\/\/blueshippinggroup.com\/tr\/wp-json\/wp\/v2\/pages\/718\/revisions"}],"up":[{"embeddable":true,"href":"https:\/\/blueshippinggroup.com\/tr\/wp-json\/wp\/v2\/pages\/742"}],"wp:attachment":[{"href":"https:\/\/blueshippinggroup.com\/tr\/wp-json\/wp\/v2\/media?parent=718"}],"curies":[{"name":"wp","href":"https:\/\/api.w.org\/{rel}","templated":true}]}}