{"id":14,"date":"2021-12-12T21:58:58","date_gmt":"2021-12-12T21:58:58","guid":{"rendered":"https:\/\/impreza29.us-themes.com\/?page_id=14"},"modified":"2023-04-13T23:39:41","modified_gmt":"2023-04-13T23:39:41","slug":"home","status":"publish","type":"page","link":"https:\/\/blueshippinggroup.com\/tr\/","title":{"rendered":"Home"},"content":{"rendered":"<section class=\"l-section wpb_row us_custom_91e11ea4 height_auto color_alternate\"><div class=\"l-section-h i-cf\"><div class=\"g-cols vc_row via_grid cols_1 laptops-cols_inherit tablets-cols_inherit mobiles-cols_1 valign_top type_default\"><div class=\"wpb_column vc_column_container\"><div class=\"vc_column-inner\">\n\t\t\t<!-- START Slider 1 REVOLUTION SLIDER 6.5.15 --><p class=\"rs-p-wp-fix\"><\/p>\n\t\t\t<rs-module-wrap id=\"rev_slider_3_1_wrapper\" data-source=\"gallery\" style=\"visibility:hidden;background:transparent;padding:0;margin:0px auto;margin-top:0;margin-bottom:0;\">\n\t\t\t\t<rs-module id=\"rev_slider_3_1\" style=\"\" data-version=\"6.5.15\">\n\t\t\t\t\t<rs-slides>\n\t\t\t\t\t\t<rs-slide style=\"position: absolute;\" data-key=\"rs-3\" data-title=\"Slide\" data-in=\"o:0;\" data-out=\"a:false;\">\n\t\t\t\t\t\t\t<img src=\"\/\/blueshippinggroup.com\/tr\/wp-content\/plugins\/revslider\/public\/assets\/assets\/dummy.png\" alt=\"\" title=\"Home\" class=\"rev-slidebg tp-rs-img rs-lazyload\" data-lazyload=\"\/\/blueshippinggroup.com\/tr\/wp-content\/plugins\/revslider\/public\/assets\/assets\/transparent.png\" data-no-retina>\n\t\t\t\t\t\t\t<rs-bgvideo \n\t\t\t\t\t\t\t\tdata-video=\"w:100%;h:100%;nse:false;l:true;ptimer:false;vfc:true;\"\n\t\t\t\t\t\t\t\tdata-mp4=\"\/\/blueshippinggroup.com\/tr\/wp-content\/uploads\/sites\/3\/2022\/02\/Container-Terminal-24255.mp4\"\n\t\t\t\t\t\t\t><\/rs-bgvideo>\n<!--\n\t\t\t\t\t\t\t--><rs-layer\n\t\t\t\t\t\t\t\tid=\"slider-3-slide-3-layer-0\" \n\t\t\t\t\t\t\t\tdata-type=\"text\"\n\t\t\t\t\t\t\t\tdata-color=\"#ffffff\"\n\t\t\t\t\t\t\t\tdata-rsp_ch=\"on\"\n\t\t\t\t\t\t\t\tdata-xy=\"x:15px;y:353px;\"\n\t\t\t\t\t\t\t\tdata-text=\"w:normal;s:50;l:134;\"\n\t\t\t\t\t\t\t\tdata-frame_1=\"e:BounceLite;st:300;sp:2730;sR:300;\"\n\t\t\t\t\t\t\t\tdata-frame_999=\"o:0;st:w;sR:5970;\"\n\t\t\t\t\t\t\t\tstyle=\"z-index:5;font-family:'Roboto';\"\n\t\t\t\t\t\t\t>\"Blue has no dimensions, it is beyond dimensions.\" \n\t\t\t\t\t\t\t<\/rs-layer><!--\n-->\t\t\t\t\t\t<\/rs-slide>\n\t\t\t\t\t<\/rs-slides>\n\t\t\t\t<\/rs-module>\n\t\t\t\t<script>\n\t\t\t\t\tsetREVStartSize({c: 'rev_slider_3_1',rl:[1240,1024,778,480],el:[500],gw:[1240],gh:[500],type:'standard',justify:'',layout:'fullwidth',mh:\"0\"});if (window.RS_MODULES!==undefined && window.RS_MODULES.modules!==undefined && window.RS_MODULES.modules[\"revslider31\"]!==undefined) {window.RS_MODULES.modules[\"revslider31\"].once = false;window.revapi3 = undefined;if (window.RS_MODULES.checkMinimal!==undefined) window.RS_MODULES.checkMinimal()}\n\t\t\t\t<\/script>\n\t\t\t<\/rs-module-wrap>\n\t\t\t<!-- END REVOLUTION SLIDER -->\n<\/div><\/div><\/div><\/div><\/section><section class=\"l-section wpb_row height_auto\"><div class=\"l-section-h i-cf\"><div class=\"g-cols vc_row via_grid cols_3 laptops-cols_inherit tablets-cols_inherit mobiles-cols_1 valign_middle type_default\" style=\"grid-gap:1.6rem;\"><div class=\"wpb_column vc_column_container\"><div class=\"vc_column-inner\"><a class=\"w-flipbox animation_cubetilt direction_e\" title=\"Marine Transportation\" href=\"https:\/\/blueshippinggroup.com\/tr\/services\/marine-transportation\/\"><div class=\"w-flipbox-h easing_ease\" style=\"transition-duration:0.5s;\"><div class=\"w-flipbox-hh\"><div class=\"w-flipbox-front us_custom_71fb65ac\" style=\"background:var(--color-alt-content-overlay);color:#ffffff;background-image:url(https:\/\/blueshippinggroup.com\/tr\/wp-content\/uploads\/sites\/3\/2022\/02\/bsl-marine.jpg);\"><div class=\"w-flipbox-front-h\"><div class=\"w-flipbox-front-icon style_default\" style=\"font-size:5rem;color:#f5f5f5;\"><i class=\"far fa-ship\"><\/i><\/div><h3 class=\"w-flipbox-front-title\" style=\"font-size:1.5rem;\">Denizyolu Ta\u015f\u0131mac\u0131l\u0131\u011f\u0131<\/h3><\/div><\/div><div class=\"w-flipbox-back us_custom_71fb65ac\" style=\"display:none;background:#0c6394;color:#ffffff;\"><div class=\"w-flipbox-back-h\"><h4 class=\"w-flipbox-back-title\" style=\"font-size:1.2rem;\">Denizyolu Ta\u015f\u0131mac\u0131l\u0131\u011f\u0131<\/h4><div class=\"w-flipbox-back-desc\"><p>\u201cD\u00fcnyada ula\u015famayaca\u011f\u0131m\u0131z liman yok\u201d..<\/p>\n<\/div><\/div><\/div><\/div><\/div><\/a><div class=\"w-separator size_small\"><\/div><a class=\"w-flipbox animation_cubetilt direction_s\" title=\"Railway Transportation\" href=\"https:\/\/blueshippinggroup.com\/tr\/services\/railway-transportation\/\"><div class=\"w-flipbox-h easing_ease\" style=\"transition-duration:0.5s;\"><div class=\"w-flipbox-hh\"><div class=\"w-flipbox-front us_custom_af5a68bb\" style=\"background:rgba(26,26,26,0.45);color:#ffffff;background-image:url(https:\/\/blueshippinggroup.com\/tr\/wp-content\/uploads\/sites\/3\/2022\/02\/bsl-train.jpg);\"><div class=\"w-flipbox-front-h\"><div class=\"w-flipbox-front-icon style_default\" style=\"font-size:5rem;color:#f5f5f5;\"><i class=\"far fa-train\"><\/i><\/div><h3 class=\"w-flipbox-front-title\" style=\"font-size:1.5rem;\">Demiryolu Ta\u015f\u0131mac\u0131l\u0131\u011f\u0131<\/h3><\/div><\/div><div class=\"w-flipbox-back us_custom_af5a68bb\" style=\"display:none;background:#00aacc;color:#ffffff;\"><div class=\"w-flipbox-back-h\"><h4 class=\"w-flipbox-back-title\" style=\"font-size:1.2rem;\">Demiryolu Ta\u015f\u0131mac\u0131l\u0131\u011f\u0131<\/h4><div class=\"w-flipbox-back-desc\"><p>\u201cDemiryolu bizim i\u015fimiz\u201d\u2026<\/p>\n<\/div><\/div><\/div><\/div><\/div><\/a><\/div><\/div><div class=\"wpb_column vc_column_container\"><div class=\"vc_column-inner\"><a class=\"w-flipbox animation_cubetilt direction_w\" title=\"Road Transportation\" href=\"https:\/\/blueshippinggroup.com\/tr\/services\/road-transportation\/\"><div class=\"w-flipbox-h easing_ease\" style=\"transition-duration:0.5s;\"><div class=\"w-flipbox-hh\"><div class=\"w-flipbox-front us_custom_af5a68bb\" style=\"background:rgba(26,26,26,0.45);color:#ffffff;background-image:url(https:\/\/blueshippinggroup.com\/tr\/wp-content\/uploads\/sites\/3\/2022\/02\/bsl-road.jpg);\"><div class=\"w-flipbox-front-h\"><div class=\"w-flipbox-front-icon style_default\" style=\"font-size:5rem;color:#f5f5f5;\"><i class=\"far fa-road\"><\/i><\/div><h3 class=\"w-flipbox-front-title\" style=\"font-size:1.5rem;\">Karayolu Ta\u015f\u0131mac\u0131l\u0131\u011f\u0131<\/h3><\/div><\/div><div class=\"w-flipbox-back us_custom_af5a68bb\" style=\"display:none;background:#00aacc;color:#ffffff;\"><div class=\"w-flipbox-back-h\"><h4 class=\"w-flipbox-back-title\" style=\"font-size:1.2rem;\">Karayolu Ta\u015f\u0131mac\u0131l\u0131\u011f\u0131<\/h4><div class=\"w-flipbox-back-desc\"><p>\u201cZaman\u0131nda\u2026 G\u00fcvenli\u2026 \u00c7evre Dostu\u201d\u2026<\/p>\n<\/div><\/div><\/div><\/div><\/div><\/a><div class=\"w-separator size_small\"><\/div><a class=\"w-flipbox animation_cubetilt direction_n\" title=\"Multi-Modal Transportation\" href=\"https:\/\/blueshippinggroup.com\/tr\/services\/multi-modal-transportation\/\"><div class=\"w-flipbox-h easing_ease\" style=\"transition-duration:0.5s;\"><div class=\"w-flipbox-hh\"><div class=\"w-flipbox-front us_custom_af5a68bb\" style=\"background:rgba(26,26,26,0.45);color:#ffffff;background-image:url(https:\/\/blueshippinggroup.com\/tr\/wp-content\/uploads\/sites\/3\/2022\/02\/bsl-multi.jpg);\"><div class=\"w-flipbox-front-h\"><div class=\"w-flipbox-front-icon style_default\" style=\"font-size:5rem;color:#f5f5f5;\"><i class=\"far fa-globe-europe\"><\/i><\/div><h3 class=\"w-flipbox-front-title\" style=\"font-size:1.5rem;\">Multi-Modal Ta\u015f\u0131mac\u0131l\u0131k<\/h3><\/div><\/div><div class=\"w-flipbox-back us_custom_af5a68bb\" style=\"display:none;background:#0c6394;color:#ffffff;\"><div class=\"w-flipbox-back-h\"><h4 class=\"w-flipbox-back-title\" style=\"font-size:1.2rem;\">Multi-Modal Ta\u015f\u0131mac\u0131l\u0131k<\/h4><div class=\"w-flipbox-back-desc\"><p>\u201cH\u0131zl\u0131 ve \u00e7evreci ula\u015f\u0131m\u201d<\/p>\n<\/div><\/div><\/div><\/div><\/div><\/a><\/div><\/div><div class=\"wpb_column vc_column_container\"><div class=\"vc_column-inner\"><a class=\"w-flipbox animation_cubetilt direction_s\" title=\"Airline Transportation\" href=\"https:\/\/blueshippinggroup.com\/tr\/services\/airline-transportation\/\"><div class=\"w-flipbox-h easing_ease\" style=\"transition-duration:0.5s;\"><div class=\"w-flipbox-hh\"><div class=\"w-flipbox-front us_custom_af5a68bb\" style=\"background:rgba(26,26,26,0.45);color:#ffffff;background-image:url(https:\/\/blueshippinggroup.com\/tr\/wp-content\/uploads\/sites\/3\/2022\/02\/bsl-airline.jpg);\"><div class=\"w-flipbox-front-h\"><div class=\"w-flipbox-front-icon style_default\" style=\"font-size:5rem;color:#f5f5f5;\"><i class=\"far fa-plane\"><\/i><\/div><h3 class=\"w-flipbox-front-title\" style=\"font-size:1.5rem;\">Havayolu Ta\u015f\u0131mac\u0131l\u0131\u011f\u0131<\/h3><\/div><\/div><div class=\"w-flipbox-back us_custom_af5a68bb\" style=\"display:none;background:#0c6394;color:#ffffff;\"><div class=\"w-flipbox-back-h\"><h4 class=\"w-flipbox-back-title\" style=\"font-size:1.2rem;\">Havayolu Ta\u015f\u0131mac\u0131l\u0131\u011f\u0131<\/h4><div class=\"w-flipbox-back-desc\"><p>\u201cD\u00fcnyan\u0131n her yerine u\u00e7uyoruz\u201d\u2026<\/p>\n<\/div><\/div><\/div><\/div><\/div><\/a><div class=\"w-separator size_small\"><\/div><a class=\"w-flipbox animation_cubetilt direction_e\" title=\"Heavy Cargo and Project Transportation\" href=\"https:\/\/blueshippinggroup.com\/tr\/services\/heavy-cargo-and-project-transportation\/\"><div class=\"w-flipbox-h easing_ease\" style=\"transition-duration:0.5s;\"><div class=\"w-flipbox-hh\"><div class=\"w-flipbox-front us_custom_af5a68bb\" style=\"background:rgba(26,26,26,0.45);color:#ffffff;background-image:url(https:\/\/blueshippinggroup.com\/tr\/wp-content\/uploads\/sites\/3\/2022\/02\/bsl-heavy.jpg);\"><div class=\"w-flipbox-front-h\"><div class=\"w-flipbox-front-icon style_default\" style=\"font-size:5rem;color:#f5f5f5;\"><i class=\"far fa-container-storage\"><\/i><\/div><h3 class=\"w-flipbox-front-title\" style=\"font-size:1.5rem;\">A\u011f\u0131r Y\u00fck ve proje Ta\u015f\u0131mac\u0131l\u0131\u011f\u0131<\/h3><\/div><\/div><div class=\"w-flipbox-back us_custom_af5a68bb\" style=\"display:none;background:#00aacc;color:#ffffff;\"><div class=\"w-flipbox-back-h\"><h4 class=\"w-flipbox-back-title\" style=\"font-size:1.2rem;\">A\u011f\u0131r Y\u00fck ve proje Ta\u015f\u0131mac\u0131l\u0131\u011f\u0131<\/h4><div class=\"w-flipbox-back-desc\"><p>\u201cTa\u015f\u0131mac\u0131l\u0131kta \u201ca\u201ddan \u201cz\u201dye her \u015feyi biz y\u00f6netiyoruz\u201d\u2026<\/p>\n<\/div><\/div><\/div><\/div><\/div><\/a><\/div><\/div><\/div><\/div><\/section><section class=\"l-section wpb_row height_auto\"><div class=\"l-section-h i-cf\"><div class=\"g-cols vc_row via_grid cols_1-3-1 laptops-cols_inherit tablets-cols_inherit mobiles-cols_1 valign_middle type_default\" style=\"grid-gap:1.6rem;\"><div class=\"wpb_column vc_column_container\"><div class=\"vc_column-inner\"><\/div><\/div><div class=\"wpb_column vc_column_container\"><div class=\"vc_column-inner\"><div class=\"w-separator size_small\"><\/div><a class=\"w-flipbox animation_cubetilt direction_n\" title=\"Multi-Modal Transportation\" href=\"https:\/\/blueshippinggroup.com\/tr\/services\/4pl-logistics-solutions\/\"><div class=\"w-flipbox-h easing_ease\" style=\"transition-duration:0.5s;\"><div class=\"w-flipbox-hh\"><div class=\"w-flipbox-front \" style=\"background:rgba(26,26,26,0.60);color:#ffffff;background-image:url(https:\/\/blueshippinggroup.com\/tr\/wp-content\/uploads\/sites\/3\/2022\/02\/bsl-4pl-back.jpg);\"><div class=\"w-flipbox-front-h\"><div class=\"w-flipbox-front-icon style_default\" style=\"font-size:5rem;color:#f5f5f5;\"><i class=\"far fa-business-time\"><\/i><\/div><h3 class=\"w-flipbox-front-title\" style=\"font-size:1.5rem;\">4PL Lojistik \u00c7\u00f6z\u00fcmleri<\/h3><\/div><\/div><div class=\"w-flipbox-back \" style=\"display:none;background:#0c6394;color:#ffffff;\"><div class=\"w-flipbox-back-h\"><h4 class=\"w-flipbox-back-title\" style=\"font-size:1.2rem;\">4PL Lojistik \u00c7\u00f6z\u00fcmleri<\/h4><div class=\"w-flipbox-back-desc\"><p>\u201cTedarik zincirinizi y\u00f6netmek i\u00e7in tek kontrol noktas\u0131\u201d\u2026<\/p>\n<\/div><\/div><\/div><\/div><\/div><\/a><\/div><\/div><div class=\"wpb_column vc_column_container\"><div class=\"vc_column-inner\"><\/div><\/div><\/div><\/div><\/section><section class=\"l-section wpb_row height_huge\"><div class=\"l-section-overlay\" style=\"background:rgba(255,255,255,0.75)\"><\/div><div class=\"l-section-h i-cf\"><div class=\"g-cols vc_row via_grid cols_1 laptops-cols_inherit tablets-cols_inherit mobiles-cols_1 valign_top type_default\"><div class=\"wpb_column vc_column_container us_custom_f34aab26\"><div class=\"vc_column-inner\"><div class=\"w-vwrapper us_custom_a1c3ecb7 align_none valign_top\" style=\"--vwrapper-gap:1rem\"><div class=\"wpb_text_column us_custom_9ad16fb4 has_text_color\"><div class=\"wpb_wrapper\"><p><strong>Blue Shipping Turkey Lojistik Ltd Sti<\/strong><\/p>\n<p>Blue Shipping Turkey Lojistik olarak m\u00fc\u015fterilerimize kaliteli, yenilik\u00e7i ve g\u00fcvenilir hizmet sunmay\u0131 hedefliyoruz.<\/p>\n<p>Lojistik sekt\u00f6r\u00fcnde 15 y\u0131l\u0131 a\u015fk\u0131n tecr\u00fcbemiz, m\u00fc\u015fteri odakl\u0131 ve butik hizmet anlay\u0131\u015f\u0131m\u0131zla m\u00fc\u015fterilerimizin lojistik alan\u0131ndaki ihtiya\u00e7lar\u0131n\u0131 en g\u00fcvenilir \u015fekilde ger\u00e7ekle\u015ftirmeyi prensip edindik.<\/p>\n<\/div><\/div><div class=\"w-separator size_small\"><\/div><div class=\"w-btn-wrapper align_none\"><a class=\"w-btn us-btn-style_3\" href=\"\/services\"><span class=\"w-btn-label\">DEVAMINI OKU<\/span><\/a><\/div><\/div><\/div><\/div><\/div><\/div><\/section><!-- Row Backgrounds --><div class=\"upb_bg_img\" data-ultimate-bg=\"url(https:\/\/blueshippinggroup.com\/tr\/wp-content\/uploads\/sites\/3\/2022\/02\/bsl-main-1-scaled-1.jpg)\" data-image-id=\"id^913|url^https:\/\/blueshippinggroup.com\/tr\/wp-content\/uploads\/sites\/3\/2022\/02\/bsl-main-1-scaled-1.jpg|caption^null|alt^null|title^bsl-main-1|description^null\" data-ultimate-bg-style=\"vcpb-default\" data-bg-img-repeat=\"no-repeat\" data-bg-img-size=\"cover\" data-bg-img-position=\"\" data-parallx_sense=\"30\" data-bg-override=\"0\" data-bg_img_attach=\"scroll\" data-upb-overlay-color=\"\" data-upb-bg-animation=\"\" data-fadeout=\"\" data-bg-animation=\"left-animation\" data-bg-animation-type=\"h\" data-animation-repeat=\"repeat\" data-fadeout-percentage=\"30\" data-parallax-content=\"\" data-parallax-content-sense=\"30\" data-row-effect-mobile-disable=\"true\" data-img-parallax-mobile-disable=\"true\" data-rtl=\"false\"  data-custom-vc-row=\"\"  data-vc=\"6.8.0\"  data-is_old_vc=\"\"  data-theme-support=\"\"   data-overlay=\"false\" data-overlay-color=\"\" data-overlay-pattern=\"\" data-overlay-pattern-opacity=\"\" data-overlay-pattern-size=\"\"    ><\/div>\n","protected":false},"excerpt":{"rendered":"\"Blue has no dimensions, it is beyond dimensions.\" Denizyolu Ta\u015f\u0131mac\u0131l\u0131\u011f\u0131Denizyolu Ta\u015f\u0131mac\u0131l\u0131\u011f\u0131\u201cD\u00fcnyada ula\u015famayaca\u011f\u0131m\u0131z liman yok\u201d.. Demiryolu Ta\u015f\u0131mac\u0131l\u0131\u011f\u0131Demiryolu Ta\u015f\u0131mac\u0131l\u0131\u011f\u0131\u201cDemiryolu bizim i\u015fimiz\u201d\u2026 Karayolu Ta\u015f\u0131mac\u0131l\u0131\u011f\u0131Karayolu Ta\u015f\u0131mac\u0131l\u0131\u011f\u0131\u201cZaman\u0131nda\u2026 G\u00fcvenli\u2026 \u00c7evre Dostu\u201d\u2026 Multi-Modal Ta\u015f\u0131mac\u0131l\u0131kMulti-Modal Ta\u015f\u0131mac\u0131l\u0131k\u201cH\u0131zl\u0131 ve \u00e7evreci ula\u015f\u0131m\u201d Havayolu Ta\u015f\u0131mac\u0131l\u0131\u011f\u0131Havayolu Ta\u015f\u0131mac\u0131l\u0131\u011f\u0131\u201cD\u00fcnyan\u0131n her yerine u\u00e7uyoruz\u201d\u2026 A\u011f\u0131r Y\u00fck ve proje Ta\u015f\u0131mac\u0131l\u0131\u011f\u0131A\u011f\u0131r Y\u00fck ve proje Ta\u015f\u0131mac\u0131l\u0131\u011f\u0131\u201cTa\u015f\u0131mac\u0131l\u0131kta \u201ca\u201ddan \u201cz\u201dye her \u015feyi biz y\u00f6netiyoruz\u201d\u2026 4PL Lojistik \u00c7\u00f6z\u00fcmleri4PL...","protected":false},"author":2,"featured_media":0,"parent":0,"menu_order":0,"comment_status":"closed","ping_status":"closed","template":"","meta":[],"_links":{"self":[{"href":"https:\/\/blueshippinggroup.com\/tr\/wp-json\/wp\/v2\/pages\/14"}],"collection":[{"href":"https:\/\/blueshippinggroup.com\/tr\/wp-json\/wp\/v2\/pages"}],"about":[{"href":"https:\/\/blueshippinggroup.com\/tr\/wp-json\/wp\/v2\/types\/page"}],"author":[{"embeddable":true,"href":"https:\/\/blueshippinggroup.com\/tr\/wp-json\/wp\/v2\/users\/2"}],"replies":[{"embeddable":true,"href":"https:\/\/blueshippinggroup.com\/tr\/wp-json\/wp\/v2\/comments?post=14"}],"version-history":[{"count":3,"href":"https:\/\/blueshippinggroup.com\/tr\/wp-json\/wp\/v2\/pages\/14\/revisions"}],"predecessor-version":[{"id":1006,"href":"https:\/\/blueshippinggroup.com\/tr\/wp-json\/wp\/v2\/pages\/14\/revisions\/1006"}],"wp:attachment":[{"href":"https:\/\/blueshippinggroup.com\/tr\/wp-json\/wp\/v2\/media?parent=14"}],"curies":[{"name":"wp","href":"https:\/\/api.w.org\/{rel}","templated":true}]}}